{"id":5982,"date":"2024-11-19T01:14:08","date_gmt":"2024-11-18T23:14:08","guid":{"rendered":"https:\/\/chorschule-frechen.de\/impressum\/"},"modified":"2025-01-18T12:43:03","modified_gmt":"2025-01-18T10:43:03","slug":"impressum","status":"publish","type":"page","link":"https:\/\/chorschule-frechen.de\/de\/impressum\/","title":{"rendered":"Impressum"},"content":{"rendered":"\t\t<div data-elementor-type=\"wp-page\" data-elementor-id=\"5982\" class=\"elementor elementor-5982 elementor-3125\" data-elementor-post-type=\"page\">\n\t\t\t\t<div class=\"elementor-element elementor-element-7149fe89 e-flex e-con-boxed e-con e-parent\" data-id=\"7149fe89\" data-element_type=\"container\" data-e-type=\"container\">\n\t\t\t\t\t<div class=\"e-con-inner\">\n\t\t<div class=\"elementor-element elementor-element-00e33e0 e-grid e-con-full e-con e-child\" data-id=\"00e33e0\" data-element_type=\"container\" data-e-type=\"container\">\n\t\t<div class=\"elementor-element elementor-element-c6a8a77 e-con-full e-flex e-con e-child\" data-id=\"c6a8a77\" data-element_type=\"container\" data-e-type=\"container\">\n\t\t\t\t<div class=\"elementor-element elementor-element-5e89abf elementor-widget elementor-widget-heading\" data-id=\"5e89abf\" data-element_type=\"widget\" data-e-type=\"widget\" data-widget_type=\"heading.default\">\n\t\t\t\t<div class=\"elementor-widget-container\">\n\t\t\t\t\t<h2 class=\"elementor-heading-title elementor-size-default\">Gesetzliche Anbieterkennung:<\/h2>\t\t\t\t<\/div>\n\t\t\t\t<\/div>\n\t\t\t\t<div class=\"elementor-element elementor-element-40962d1 elementor-widget elementor-widget-text-editor\" data-id=\"40962d1\" data-element_type=\"widget\" data-e-type=\"widget\" data-widget_type=\"text-editor.default\">\n\t\t\t\t<div class=\"elementor-widget-container\">\n\t\t\t\t\t\t\t\t\t<p><strong>Oksana Dondyk<\/strong><br \/>Gesangs- und Chorschule<br \/>H\u00fcchelner Str. 2<br \/>50226 Frechen<br \/>Deutschland<\/p>\n\t\t\t\t\t\t\t\t<\/div>\n\t\t\t\t<\/div>\n\t\t\t\t<div class=\"elementor-element elementor-element-41c47bd7 elementor-widget elementor-widget-text-editor\" data-id=\"41c47bd7\" data-element_type=\"widget\" data-e-type=\"widget\" data-widget_type=\"text-editor.default\">\n\t\t\t\t<div class=\"elementor-widget-container\">\n\t\t\t\t\t\t\t\t\t<p><strong>Kontakte<\/strong><\/p>\n<p>Telefon: <a href=\"tel:+4915730705394\">+4915730705394<\/a><br \/>E-Mail: <a href=\"mailto:oksanadondyk@chorschule-frechen.de\">oksanadondyk@chorschule-frechen.de<\/a><\/p>\n\t\t\t\t\t\t\t\t<\/div>\n\t\t\t\t<\/div>\n\t\t\t\t<\/div>\n\t\t<div class=\"elementor-element elementor-element-16d32be e-con-full e-flex e-con e-child\" data-id=\"16d32be\" data-element_type=\"container\" data-e-type=\"container\">\n\t\t\t\t<div class=\"elementor-element elementor-element-09e75b4 elementor-widget elementor-widget-heading\" data-id=\"09e75b4\" data-element_type=\"widget\" data-e-type=\"widget\" data-widget_type=\"heading.default\">\n\t\t\t\t<div class=\"elementor-widget-container\">\n\t\t\t\t\t<h2 class=\"elementor-heading-title elementor-size-default\">Verantwortlich f\u00fcr den Inhalt<\/h2>\t\t\t\t<\/div>\n\t\t\t\t<\/div>\n\t\t\t\t<div class=\"elementor-element elementor-element-b470b68 elementor-widget elementor-widget-text-editor\" data-id=\"b470b68\" data-element_type=\"widget\" data-e-type=\"widget\" data-widget_type=\"text-editor.default\">\n\t\t\t\t<div class=\"elementor-widget-container\">\n\t\t\t\t\t\t\t\t\t<p><strong>Oksana Dondyk<\/strong><br \/>Gesangs- und Chorschule<br \/>H\u00fcchelner Str. 2<br \/>50226 Frechen<br \/>Deutschland<\/p>\n\t\t\t\t\t\t\t\t<\/div>\n\t\t\t\t<\/div>\n\t\t\t\t<div class=\"elementor-element elementor-element-bb9f1af elementor-widget elementor-widget-text-editor\" data-id=\"bb9f1af\" data-element_type=\"widget\" data-e-type=\"widget\" data-widget_type=\"text-editor.default\">\n\t\t\t\t<div class=\"elementor-widget-container\">\n\t\t\t\t\t\t\t\t\t<p><strong>EU-Streitschlichtung<\/strong><\/p>\n<p>Die Europ\u00e4ische Kommission stellt eine Plattform zur Online-Streitbeilegung (OS) bereit: <a href=\"https:\/\/ec.europa.eu\/consumers\/odr.\" target=\"_blank\" rel=\"noopener\">https:\/\/ec.europa.eu\/consumers\/odr.<\/a><\/p>\n<p>Wir sind nicht bereit oder verpflichtet, an Streitbeilegungsverfahren vor einer Verbraucherschlichtungsstelle teilzunehmen.<\/p>\n\t\t\t\t\t\t\t\t<\/div>\n\t\t\t\t<\/div>\n\t\t\t\t<\/div>\n\t\t\t\t<\/div>\n\t\t\t\t<div class=\"elementor-element elementor-element-0c2560d elementor-widget-divider--view-line elementor-widget elementor-widget-divider\" data-id=\"0c2560d\" data-element_type=\"widget\" data-e-type=\"widget\" data-widget_type=\"divider.default\">\n\t\t\t\t<div class=\"elementor-widget-container\">\n\t\t\t\t\t\t\t<div class=\"elementor-divider\">\n\t\t\t<span class=\"elementor-divider-separator\">\n\t\t\t\t\t\t<\/span>\n\t\t<\/div>\n\t\t\t\t\t\t<\/div>\n\t\t\t\t<\/div>\n\t\t\t\t<div class=\"elementor-element elementor-element-dced21e elementor-widget elementor-widget-text-editor\" data-id=\"dced21e\" data-element_type=\"widget\" data-e-type=\"widget\" data-widget_type=\"text-editor.default\">\n\t\t\t\t<div class=\"elementor-widget-container\">\n\t\t\t\t\t\t\t\t\t<p>Dieses Impressum gilt auch f\u00fcr folgende Social Media Profile: <strong><a href=\"https:\/\/www.facebook.com\/profile.php?id=61569683546308\" target=\"_blank\" rel=\"noopener\">Facebook<\/a><\/strong>, <a href=\"https:\/\/www.instagram.com\/dondyk_schule\/profilecard\" target=\"_blank\" rel=\"noopener\">Instagram<\/a>.<\/p>\n\t\t\t\t\t\t\t\t<\/div>\n\t\t\t\t<\/div>\n\t\t\t\t\t<\/div>\n\t\t\t\t<\/div>\n\t\t\t\t<\/div>\n\t\t","protected":false},"excerpt":{"rendered":"<p>Gesetzliche Anbieterkennung: Oksana DondykGesangs- und ChorschuleH\u00fcchelner Str. 250226 FrechenDeutschland Kontakte Telefon: +4915730705394E-Mail: oksanadondyk@chorschule-frechen.de Verantwortlich f\u00fcr den Inhalt Oksana DondykGesangs- und ChorschuleH\u00fcchelner Str. 250226 FrechenDeutschland EU-Streitschlichtung Die Europ\u00e4ische Kommission stellt eine Plattform zur Online-Streitbeilegung (OS) bereit: https:\/\/ec.europa.eu\/consumers\/odr. Wir sind nicht bereit oder verpflichtet, an Streitbeilegungsverfahren vor einer Verbraucherschlichtungsstelle teilzunehmen. Dieses Impressum gilt auch f\u00fcr folgende Social [&hellip;]<\/p>\n","protected":false},"author":2,"featured_media":5657,"parent":0,"menu_order":0,"comment_status":"closed","ping_status":"closed","template":"","meta":{"footnotes":""},"class_list":["post-5982","page","type-page","status-publish","has-post-thumbnail","hentry"],"yoast_head":"<!-- This site is optimized with the Yoast SEO plugin v27.3 - https:\/\/yoast.com\/product\/yoast-seo-wordpress\/ -->\n<title>Impressum - \u0412\u043e\u043a\u0430\u043b\u044c\u043d\u043e-\u0445\u043e\u0440\u043e\u0432\u0430 \u0448\u043a\u043e\u043b\u0430 \u041e\u043a\u0441\u0430\u043d\u0438 \u0414\u043e\u043d\u0434\u0438\u043a<\/title>\n<meta name=\"description\" content=\"Auf dieser Seite finden Sie offizielle Informationen \u00fcber die Gesangs- und Chorschule Oksana Dondnyk.\" \/>\n<meta name=\"robots\" content=\"index, follow, max-snippet:-1, max-image-preview:large, max-video-preview:-1\" \/>\n<link rel=\"canonical\" href=\"https:\/\/chorschule-frechen.de\/de\/impressum\/\" \/>\n<meta property=\"og:locale\" content=\"de_DE\" \/>\n<meta property=\"og:type\" content=\"article\" \/>\n<meta property=\"og:title\" content=\"Impressum - \u0412\u043e\u043a\u0430\u043b\u044c\u043d\u043e-\u0445\u043e\u0440\u043e\u0432\u0430 \u0448\u043a\u043e\u043b\u0430 \u041e\u043a\u0441\u0430\u043d\u0438 \u0414\u043e\u043d\u0434\u0438\u043a\" \/>\n<meta property=\"og:description\" content=\"Auf dieser Seite finden Sie offizielle Informationen \u00fcber die Gesangs- und Chorschule Oksana Dondnyk.\" \/>\n<meta property=\"og:url\" content=\"https:\/\/chorschule-frechen.de\/de\/impressum\/\" \/>\n<meta property=\"og:site_name\" content=\"\u0412\u043e\u043a\u0430\u043b\u044c\u043d\u043e-\u0445\u043e\u0440\u043e\u0432\u0430 \u0448\u043a\u043e\u043b\u0430 \u041e\u043a\u0441\u0430\u043d\u0438 \u0414\u043e\u043d\u0434\u0438\u043a\" \/>\n<meta property=\"article:modified_time\" content=\"2025-01-18T10:43:03+00:00\" \/>\n<meta property=\"og:image\" content=\"https:\/\/chorschule-frechen.de\/wp-content\/uploads\/2024\/10\/logo_b.png\" \/>\n\t<meta property=\"og:image:width\" content=\"512\" \/>\n\t<meta property=\"og:image:height\" content=\"438\" \/>\n\t<meta property=\"og:image:type\" content=\"image\/png\" \/>\n<meta name=\"twitter:card\" content=\"summary_large_image\" \/>\n<script type=\"application\/ld+json\" class=\"yoast-schema-graph\">{\"@context\":\"https:\\\/\\\/schema.org\",\"@graph\":[{\"@type\":\"WebPage\",\"@id\":\"https:\\\/\\\/chorschule-frechen.de\\\/de\\\/impressum\\\/\",\"url\":\"https:\\\/\\\/chorschule-frechen.de\\\/de\\\/impressum\\\/\",\"name\":\"Impressum - \u0412\u043e\u043a\u0430\u043b\u044c\u043d\u043e-\u0445\u043e\u0440\u043e\u0432\u0430 \u0448\u043a\u043e\u043b\u0430 \u041e\u043a\u0441\u0430\u043d\u0438 \u0414\u043e\u043d\u0434\u0438\u043a\",\"isPartOf\":{\"@id\":\"https:\\\/\\\/chorschule-frechen.de\\\/de\\\/#website\"},\"primaryImageOfPage\":{\"@id\":\"https:\\\/\\\/chorschule-frechen.de\\\/de\\\/impressum\\\/#primaryimage\"},\"image\":{\"@id\":\"https:\\\/\\\/chorschule-frechen.de\\\/de\\\/impressum\\\/#primaryimage\"},\"thumbnailUrl\":\"https:\\\/\\\/chorschule-frechen.de\\\/wp-content\\\/uploads\\\/2024\\\/10\\\/logo_b.png\",\"datePublished\":\"2024-11-18T23:14:08+00:00\",\"dateModified\":\"2025-01-18T10:43:03+00:00\",\"description\":\"Auf dieser Seite finden Sie offizielle Informationen \u00fcber die Gesangs- und Chorschule Oksana Dondnyk.\",\"breadcrumb\":{\"@id\":\"https:\\\/\\\/chorschule-frechen.de\\\/de\\\/impressum\\\/#breadcrumb\"},\"inLanguage\":\"de\",\"potentialAction\":[{\"@type\":\"ReadAction\",\"target\":[\"https:\\\/\\\/chorschule-frechen.de\\\/de\\\/impressum\\\/\"]}]},{\"@type\":\"ImageObject\",\"inLanguage\":\"de\",\"@id\":\"https:\\\/\\\/chorschule-frechen.de\\\/de\\\/impressum\\\/#primaryimage\",\"url\":\"https:\\\/\\\/chorschule-frechen.de\\\/wp-content\\\/uploads\\\/2024\\\/10\\\/logo_b.png\",\"contentUrl\":\"https:\\\/\\\/chorschule-frechen.de\\\/wp-content\\\/uploads\\\/2024\\\/10\\\/logo_b.png\",\"width\":512,\"height\":438,\"caption\":\"Gesangs- und Chorschule Oksana Dondyk\"},{\"@type\":\"BreadcrumbList\",\"@id\":\"https:\\\/\\\/chorschule-frechen.de\\\/de\\\/impressum\\\/#breadcrumb\",\"itemListElement\":[{\"@type\":\"ListItem\",\"position\":1,\"name\":\"\u0413\u043e\u043b\u043e\u0432\u043d\u0430\",\"item\":\"https:\\\/\\\/chorschule-frechen.de\\\/de\\\/hauptseite\\\/\"},{\"@type\":\"ListItem\",\"position\":2,\"name\":\"Impressum\"}]},{\"@type\":\"WebSite\",\"@id\":\"https:\\\/\\\/chorschule-frechen.de\\\/de\\\/#website\",\"url\":\"https:\\\/\\\/chorschule-frechen.de\\\/de\\\/\",\"name\":\"\u0412\u043e\u043a\u0430\u043b\u044c\u043d\u043e-\u0445\u043e\u0440\u043e\u0432\u0430 \u0448\u043a\u043e\u043b\u0430 \u041e\u043a\u0441\u0430\u043d\u0438 \u0414\u043e\u043d\u0434\u0438\u043a\",\"description\":\"\u0412\u043e\u043a\u0430\u043b\u044c\u043d\u043e-\u0445\u043e\u0440\u043e\u0432\u0430 \u0448\u043a\u043e\u043b\u0430 \u041e\u043a\u0441\u0430\u043d\u0438 \u0414\u043e\u043d\u0434\u0438\u043a\",\"publisher\":{\"@id\":\"https:\\\/\\\/chorschule-frechen.de\\\/de\\\/#organization\"},\"potentialAction\":[{\"@type\":\"SearchAction\",\"target\":{\"@type\":\"EntryPoint\",\"urlTemplate\":\"https:\\\/\\\/chorschule-frechen.de\\\/de\\\/?s={search_term_string}\"},\"query-input\":{\"@type\":\"PropertyValueSpecification\",\"valueRequired\":true,\"valueName\":\"search_term_string\"}}],\"inLanguage\":\"de\"},{\"@type\":\"Organization\",\"@id\":\"https:\\\/\\\/chorschule-frechen.de\\\/de\\\/#organization\",\"name\":\"\u0412\u043e\u043a\u0430\u043b\u044c\u043d\u043e-\u0445\u043e\u0440\u043e\u0432\u0430 \u0448\u043a\u043e\u043b\u0430 \u041e\u043a\u0441\u0430\u043d\u0438 \u0414\u043e\u043d\u0434\u0438\u043a\",\"url\":\"https:\\\/\\\/chorschule-frechen.de\\\/de\\\/\",\"logo\":{\"@type\":\"ImageObject\",\"inLanguage\":\"de\",\"@id\":\"https:\\\/\\\/chorschule-frechen.de\\\/de\\\/#\\\/schema\\\/logo\\\/image\\\/\",\"url\":\"https:\\\/\\\/chorschule-frechen.de\\\/wp-content\\\/uploads\\\/2024\\\/09\\\/\u041c\u043e\u043d\u0442\u0430\u0436\u043d\u0430\u044f-\u043e\u0431\u043b\u0430\u0441\u0442\u044c-1-e1727349916239.png\",\"contentUrl\":\"https:\\\/\\\/chorschule-frechen.de\\\/wp-content\\\/uploads\\\/2024\\\/09\\\/\u041c\u043e\u043d\u0442\u0430\u0436\u043d\u0430\u044f-\u043e\u0431\u043b\u0430\u0441\u0442\u044c-1-e1727349916239.png\",\"width\":597,\"height\":502,\"caption\":\"\u0412\u043e\u043a\u0430\u043b\u044c\u043d\u043e-\u0445\u043e\u0440\u043e\u0432\u0430 \u0448\u043a\u043e\u043b\u0430 \u041e\u043a\u0441\u0430\u043d\u0438 \u0414\u043e\u043d\u0434\u0438\u043a\"},\"image\":{\"@id\":\"https:\\\/\\\/chorschule-frechen.de\\\/de\\\/#\\\/schema\\\/logo\\\/image\\\/\"}}]}<\/script>\n<!-- \/ Yoast SEO plugin. -->","yoast_head_json":{"title":"Impressum - \u0412\u043e\u043a\u0430\u043b\u044c\u043d\u043e-\u0445\u043e\u0440\u043e\u0432\u0430 \u0448\u043a\u043e\u043b\u0430 \u041e\u043a\u0441\u0430\u043d\u0438 \u0414\u043e\u043d\u0434\u0438\u043a","description":"Auf dieser Seite finden Sie offizielle Informationen \u00fcber die Gesangs- und Chorschule Oksana Dondnyk.","robots":{"index":"index","follow":"follow","max-snippet":"max-snippet:-1","max-image-preview":"max-image-preview:large","max-video-preview":"max-video-preview:-1"},"canonical":"https:\/\/chorschule-frechen.de\/de\/impressum\/","og_locale":"de_DE","og_type":"article","og_title":"Impressum - \u0412\u043e\u043a\u0430\u043b\u044c\u043d\u043e-\u0445\u043e\u0440\u043e\u0432\u0430 \u0448\u043a\u043e\u043b\u0430 \u041e\u043a\u0441\u0430\u043d\u0438 \u0414\u043e\u043d\u0434\u0438\u043a","og_description":"Auf dieser Seite finden Sie offizielle Informationen \u00fcber die Gesangs- und Chorschule Oksana Dondnyk.","og_url":"https:\/\/chorschule-frechen.de\/de\/impressum\/","og_site_name":"\u0412\u043e\u043a\u0430\u043b\u044c\u043d\u043e-\u0445\u043e\u0440\u043e\u0432\u0430 \u0448\u043a\u043e\u043b\u0430 \u041e\u043a\u0441\u0430\u043d\u0438 \u0414\u043e\u043d\u0434\u0438\u043a","article_modified_time":"2025-01-18T10:43:03+00:00","og_image":[{"width":512,"height":438,"url":"https:\/\/chorschule-frechen.de\/wp-content\/uploads\/2024\/10\/logo_b.png","type":"image\/png"}],"twitter_card":"summary_large_image","schema":{"@context":"https:\/\/schema.org","@graph":[{"@type":"WebPage","@id":"https:\/\/chorschule-frechen.de\/de\/impressum\/","url":"https:\/\/chorschule-frechen.de\/de\/impressum\/","name":"Impressum - \u0412\u043e\u043a\u0430\u043b\u044c\u043d\u043e-\u0445\u043e\u0440\u043e\u0432\u0430 \u0448\u043a\u043e\u043b\u0430 \u041e\u043a\u0441\u0430\u043d\u0438 \u0414\u043e\u043d\u0434\u0438\u043a","isPartOf":{"@id":"https:\/\/chorschule-frechen.de\/de\/#website"},"primaryImageOfPage":{"@id":"https:\/\/chorschule-frechen.de\/de\/impressum\/#primaryimage"},"image":{"@id":"https:\/\/chorschule-frechen.de\/de\/impressum\/#primaryimage"},"thumbnailUrl":"https:\/\/chorschule-frechen.de\/wp-content\/uploads\/2024\/10\/logo_b.png","datePublished":"2024-11-18T23:14:08+00:00","dateModified":"2025-01-18T10:43:03+00:00","description":"Auf dieser Seite finden Sie offizielle Informationen \u00fcber die Gesangs- und Chorschule Oksana Dondnyk.","breadcrumb":{"@id":"https:\/\/chorschule-frechen.de\/de\/impressum\/#breadcrumb"},"inLanguage":"de","potentialAction":[{"@type":"ReadAction","target":["https:\/\/chorschule-frechen.de\/de\/impressum\/"]}]},{"@type":"ImageObject","inLanguage":"de","@id":"https:\/\/chorschule-frechen.de\/de\/impressum\/#primaryimage","url":"https:\/\/chorschule-frechen.de\/wp-content\/uploads\/2024\/10\/logo_b.png","contentUrl":"https:\/\/chorschule-frechen.de\/wp-content\/uploads\/2024\/10\/logo_b.png","width":512,"height":438,"caption":"Gesangs- und Chorschule Oksana Dondyk"},{"@type":"BreadcrumbList","@id":"https:\/\/chorschule-frechen.de\/de\/impressum\/#breadcrumb","itemListElement":[{"@type":"ListItem","position":1,"name":"\u0413\u043e\u043b\u043e\u0432\u043d\u0430","item":"https:\/\/chorschule-frechen.de\/de\/hauptseite\/"},{"@type":"ListItem","position":2,"name":"Impressum"}]},{"@type":"WebSite","@id":"https:\/\/chorschule-frechen.de\/de\/#website","url":"https:\/\/chorschule-frechen.de\/de\/","name":"\u0412\u043e\u043a\u0430\u043b\u044c\u043d\u043e-\u0445\u043e\u0440\u043e\u0432\u0430 \u0448\u043a\u043e\u043b\u0430 \u041e\u043a\u0441\u0430\u043d\u0438 \u0414\u043e\u043d\u0434\u0438\u043a","description":"\u0412\u043e\u043a\u0430\u043b\u044c\u043d\u043e-\u0445\u043e\u0440\u043e\u0432\u0430 \u0448\u043a\u043e\u043b\u0430 \u041e\u043a\u0441\u0430\u043d\u0438 \u0414\u043e\u043d\u0434\u0438\u043a","publisher":{"@id":"https:\/\/chorschule-frechen.de\/de\/#organization"},"potentialAction":[{"@type":"SearchAction","target":{"@type":"EntryPoint","urlTemplate":"https:\/\/chorschule-frechen.de\/de\/?s={search_term_string}"},"query-input":{"@type":"PropertyValueSpecification","valueRequired":true,"valueName":"search_term_string"}}],"inLanguage":"de"},{"@type":"Organization","@id":"https:\/\/chorschule-frechen.de\/de\/#organization","name":"\u0412\u043e\u043a\u0430\u043b\u044c\u043d\u043e-\u0445\u043e\u0440\u043e\u0432\u0430 \u0448\u043a\u043e\u043b\u0430 \u041e\u043a\u0441\u0430\u043d\u0438 \u0414\u043e\u043d\u0434\u0438\u043a","url":"https:\/\/chorschule-frechen.de\/de\/","logo":{"@type":"ImageObject","inLanguage":"de","@id":"https:\/\/chorschule-frechen.de\/de\/#\/schema\/logo\/image\/","url":"https:\/\/chorschule-frechen.de\/wp-content\/uploads\/2024\/09\/\u041c\u043e\u043d\u0442\u0430\u0436\u043d\u0430\u044f-\u043e\u0431\u043b\u0430\u0441\u0442\u044c-1-e1727349916239.png","contentUrl":"https:\/\/chorschule-frechen.de\/wp-content\/uploads\/2024\/09\/\u041c\u043e\u043d\u0442\u0430\u0436\u043d\u0430\u044f-\u043e\u0431\u043b\u0430\u0441\u0442\u044c-1-e1727349916239.png","width":597,"height":502,"caption":"\u0412\u043e\u043a\u0430\u043b\u044c\u043d\u043e-\u0445\u043e\u0440\u043e\u0432\u0430 \u0448\u043a\u043e\u043b\u0430 \u041e\u043a\u0441\u0430\u043d\u0438 \u0414\u043e\u043d\u0434\u0438\u043a"},"image":{"@id":"https:\/\/chorschule-frechen.de\/de\/#\/schema\/logo\/image\/"}}]}},"_links":{"self":[{"href":"https:\/\/chorschule-frechen.de\/de\/wp-json\/wp\/v2\/pages\/5982","targetHints":{"allow":["GET"]}}],"collection":[{"href":"https:\/\/chorschule-frechen.de\/de\/wp-json\/wp\/v2\/pages"}],"about":[{"href":"https:\/\/chorschule-frechen.de\/de\/wp-json\/wp\/v2\/types\/page"}],"author":[{"embeddable":true,"href":"https:\/\/chorschule-frechen.de\/de\/wp-json\/wp\/v2\/users\/2"}],"replies":[{"embeddable":true,"href":"https:\/\/chorschule-frechen.de\/de\/wp-json\/wp\/v2\/comments?post=5982"}],"version-history":[{"count":1,"href":"https:\/\/chorschule-frechen.de\/de\/wp-json\/wp\/v2\/pages\/5982\/revisions"}],"predecessor-version":[{"id":5983,"href":"https:\/\/chorschule-frechen.de\/de\/wp-json\/wp\/v2\/pages\/5982\/revisions\/5983"}],"wp:featuredmedia":[{"embeddable":true,"href":"https:\/\/chorschule-frechen.de\/de\/wp-json\/wp\/v2\/media\/5657"}],"wp:attachment":[{"href":"https:\/\/chorschule-frechen.de\/de\/wp-json\/wp\/v2\/media?parent=5982"}],"curies":[{"name":"wp","href":"https:\/\/api.w.org\/{rel}","templated":true}]}}