{"id":5970,"date":"2024-11-13T11:44:27","date_gmt":"2024-11-13T09:44:27","guid":{"rendered":"https:\/\/chorschule-frechen.de\/unterricht-fuer-dirigat\/"},"modified":"2025-01-28T00:10:18","modified_gmt":"2025-01-27T22:10:18","slug":"unterricht-fuer-dirigat","status":"publish","type":"page","link":"https:\/\/chorschule-frechen.de\/de\/unterricht-fuer-dirigat\/","title":{"rendered":"Unterricht f\u00fcr Dirigat"},"content":{"rendered":"\t\t<div data-elementor-type=\"wp-page\" data-elementor-id=\"5970\" class=\"elementor elementor-5970 elementor-2386\" data-elementor-post-type=\"page\">\n\t\t\t\t<div class=\"elementor-element elementor-element-cfa9fa5 e-flex e-con-boxed e-con e-parent\" data-id=\"cfa9fa5\" data-element_type=\"container\" data-e-type=\"container\">\n\t\t\t\t\t<div class=\"e-con-inner\">\n\t\t<div class=\"elementor-element elementor-element-b53ca2a e-con-full e-flex e-con e-child\" data-id=\"b53ca2a\" data-element_type=\"container\" data-e-type=\"container\">\n\t\t\t\t<div class=\"elementor-element elementor-element-91f593d elementor-widget elementor-widget-text-editor\" data-id=\"91f593d\" data-element_type=\"widget\" data-e-type=\"widget\" data-widget_type=\"text-editor.default\">\n\t\t\t\t<div class=\"elementor-widget-container\">\n\t\t\t\t\t\t\t\t\t<p>Eine der zus\u00e4tzlichen Optionen in der Gesangs- und Chorschule ist die M\u00f6glichkeit f\u00fcr Chors\u00e4nger, das Dirigat zu erlernen und Chorleiter zu werden.<\/p>\n<p>Der Unterricht wird von einer Dirigentin erteilt, die seit vielen Jahren einen professionellen Erwachsenen- und Kinderchor leitet.<\/p>\n<p>Die Ausbildung zum Dirigenten findet in einer ungezwungenen, kreativen Atmosph\u00e4re statt. Entgegen der landl\u00e4ufigen Meinung ist es relativ leicht, Dirigierschemata zu erlernen und die Besonderheiten des Dirigierens zu verstehen. <\/p>\n<p>Im Laufe des Kurses hat der Sch\u00fcler nach einigen Unterrichtsstunden die M\u00f6glichkeit, seine Dirigierf\u00e4higkeiten vor einem Chor zu erproben. Dies gibt ihm die einmalige Gelegenheit, den Zweck des Berufs schnell zu verstehen und seine Dirigierf\u00e4higkeiten aktiv zu entwickeln. <\/p>\n\t\t\t\t\t\t\t\t<\/div>\n\t\t\t\t<\/div>\n\t\t\t\t<\/div>\n\t\t<div class=\"elementor-element elementor-element-d8e5f7f e-con-full e-flex e-con e-child\" data-id=\"d8e5f7f\" data-element_type=\"container\" data-e-type=\"container\">\n\t\t<div class=\"elementor-element elementor-element-292538c e-con-full e-flex e-con e-child\" data-id=\"292538c\" data-element_type=\"container\" data-e-type=\"container\">\n\t\t\t\t<div class=\"elementor-element elementor-element-9f7a48d wk-image-overlay elementor-widget elementor-widget-image\" data-id=\"9f7a48d\" data-element_type=\"widget\" data-e-type=\"widget\" data-widget_type=\"image.default\">\n\t\t\t\t<div class=\"elementor-widget-container\">\n\t\t\t\t\t\t\t\t\t\t\t\t\t\t\t\t<a href=\"https:\/\/chorschule-frechen.de\/wp-content\/uploads\/2024\/11\/img_2984.jpg\" data-elementor-open-lightbox=\"yes\" data-elementor-lightbox-title=\"Unterricht f\u00fcr Dirigat\" data-e-action-hash=\"#elementor-action%3Aaction%3Dlightbox%26settings%3DeyJpZCI6NTcxMiwidXJsIjoiaHR0cHM6XC9cL2Nob3JzY2h1bGUtZnJlY2hlbi5kZVwvd3AtY29udGVudFwvdXBsb2Fkc1wvMjAyNFwvMTFcL2ltZ18yOTg0LmpwZyJ9\">\n\t\t\t\t\t\t\t<img fetchpriority=\"high\" decoding=\"async\" width=\"800\" height=\"800\" src=\"https:\/\/chorschule-frechen.de\/wp-content\/uploads\/2024\/11\/img_2984-1024x1024.jpg\" class=\"attachment-large size-large wp-image-5712\" alt=\"Unterricht f\u00fcr Dirigat\" srcset=\"https:\/\/chorschule-frechen.de\/wp-content\/uploads\/2024\/11\/img_2984-1024x1024.jpg 1024w, https:\/\/chorschule-frechen.de\/wp-content\/uploads\/2024\/11\/img_2984-300x300.jpg 300w, https:\/\/chorschule-frechen.de\/wp-content\/uploads\/2024\/11\/img_2984-150x150.jpg 150w, https:\/\/chorschule-frechen.de\/wp-content\/uploads\/2024\/11\/img_2984-768x768.jpg 768w, https:\/\/chorschule-frechen.de\/wp-content\/uploads\/2024\/11\/img_2984.jpg 1280w\" sizes=\"(max-width: 800px) 100vw, 800px\" \/>\t\t\t\t\t\t\t\t<\/a>\n\t\t\t\t\t\t\t\t\t\t\t\t\t\t\t<\/div>\n\t\t\t\t<\/div>\n\t\t\t\t<\/div>\n\t\t\t\t<\/div>\n\t\t\t\t\t<\/div>\n\t\t\t\t<\/div>\n\t\t<div class=\"elementor-element elementor-element-007d63f e-flex e-con-boxed e-con e-parent\" data-id=\"007d63f\" data-element_type=\"container\" data-e-type=\"container\">\n\t\t\t\t\t<div class=\"e-con-inner\">\n\t\t<div class=\"elementor-element elementor-element-11dd64b e-con-full e-flex e-con e-child\" data-id=\"11dd64b\" data-element_type=\"container\" data-e-type=\"container\">\n\t\t\t\t<div class=\"elementor-element elementor-element-2028da6 elementor-widget elementor-widget-text-editor\" data-id=\"2028da6\" data-element_type=\"widget\" data-e-type=\"widget\" data-widget_type=\"text-editor.default\">\n\t\t\t\t<div class=\"elementor-widget-container\">\n\t\t\t\t\t\t\t\t\t<p>Der Unterricht des Dirigentensch\u00fclers mit dem Chor wird durchg\u00e4ngig von der Lehrkraft beaufsichtigt, die die technischen Aufgaben korrigiert und dem Sch\u00fcler hilft, eine Beziehung zum Chor aufzubauen und eine erfolgreiche Probe durchzuf\u00fchren.<\/p>\n<p>Erfolgreiche Studenten haben die M\u00f6glichkeit, in von der Schule organisierten Konzerten Konzertpraxis zu sammeln. Dies ist immer eine sehr gute und notwendige Erfahrung, die in jedem Fall positive Ergebnisse bringt und eine wichtige Rolle in der Gesamtentwicklung und Ausbildung des zuk\u00fcnftigen Dirigenten spielt. <\/p>\n<p><strong>Erweitern Sie Ihren Horizont, fordern Sie sich selbst heraus, versuchen Sie etwas Neues im Leben und Sie werden bestimmt Erfolg haben. <\/strong><\/p>\n\t\t\t\t\t\t\t\t<\/div>\n\t\t\t\t<\/div>\n\t\t\t\t<\/div>\n\t\t\t\t\t<\/div>\n\t\t\t\t<\/div>\n\t\t\t\t<\/div>\n\t\t","protected":false},"excerpt":{"rendered":"<p>Eine der zus\u00e4tzlichen Optionen in der Gesangs- und Chorschule ist die M\u00f6glichkeit f\u00fcr Chors\u00e4nger, das Dirigat zu erlernen und Chorleiter zu werden. Der Unterricht wird von einer Dirigentin erteilt, die seit vielen Jahren einen professionellen Erwachsenen- und Kinderchor leitet. Die Ausbildung zum Dirigenten findet in einer ungezwungenen, kreativen Atmosph\u00e4re statt. Entgegen der landl\u00e4ufigen Meinung ist [&hellip;]<\/p>\n","protected":false},"author":2,"featured_media":5694,"parent":0,"menu_order":0,"comment_status":"closed","ping_status":"closed","template":"","meta":{"footnotes":""},"class_list":["post-5970","page","type-page","status-publish","has-post-thumbnail","hentry"],"yoast_head":"<!-- This site is optimized with the Yoast SEO plugin v27.3 - https:\/\/yoast.com\/product\/yoast-seo-wordpress\/ -->\n<title>Unterricht f\u00fcr Dirigat - \u0412\u043e\u043a\u0430\u043b\u044c\u043d\u043e-\u0445\u043e\u0440\u043e\u0432\u0430 \u0448\u043a\u043e\u043b\u0430 \u041e\u043a\u0441\u0430\u043d\u0438 \u0414\u043e\u043d\u0434\u0438\u043a<\/title>\n<meta name=\"description\" content=\"Die Schule bietet Dirigierunterricht an. Wir werden Ihnen Dirigierschemata beibringen und Ihnen helfen, die Besonderheiten des Dirigierens auf eine einfache und leichte Weise zu verstehen.\" \/>\n<meta name=\"robots\" content=\"index, follow, max-snippet:-1, max-image-preview:large, max-video-preview:-1\" \/>\n<link rel=\"canonical\" href=\"https:\/\/chorschule-frechen.de\/de\/unterricht-fuer-dirigat\/\" \/>\n<meta property=\"og:locale\" content=\"de_DE\" \/>\n<meta property=\"og:type\" content=\"article\" \/>\n<meta property=\"og:title\" content=\"Unterricht f\u00fcr Dirigat - \u0412\u043e\u043a\u0430\u043b\u044c\u043d\u043e-\u0445\u043e\u0440\u043e\u0432\u0430 \u0448\u043a\u043e\u043b\u0430 \u041e\u043a\u0441\u0430\u043d\u0438 \u0414\u043e\u043d\u0434\u0438\u043a\" \/>\n<meta property=\"og:description\" content=\"Die Schule bietet Dirigierunterricht an. Wir werden Ihnen Dirigierschemata beibringen und Ihnen helfen, die Besonderheiten des Dirigierens auf eine einfache und leichte Weise zu verstehen.\" \/>\n<meta property=\"og:url\" content=\"https:\/\/chorschule-frechen.de\/de\/unterricht-fuer-dirigat\/\" \/>\n<meta property=\"og:site_name\" content=\"\u0412\u043e\u043a\u0430\u043b\u044c\u043d\u043e-\u0445\u043e\u0440\u043e\u0432\u0430 \u0448\u043a\u043e\u043b\u0430 \u041e\u043a\u0441\u0430\u043d\u0438 \u0414\u043e\u043d\u0434\u0438\u043a\" \/>\n<meta property=\"article:modified_time\" content=\"2025-01-27T22:10:18+00:00\" \/>\n<meta property=\"og:image\" content=\"https:\/\/chorschule-frechen.de\/wp-content\/uploads\/2024\/11\/news10.jpg\" \/>\n\t<meta property=\"og:image:width\" content=\"1920\" \/>\n\t<meta property=\"og:image:height\" content=\"1080\" \/>\n\t<meta property=\"og:image:type\" content=\"image\/jpeg\" \/>\n<meta name=\"twitter:card\" content=\"summary_large_image\" \/>\n<meta name=\"twitter:label1\" content=\"Gesch\u00e4tzte Lesezeit\" \/>\n\t<meta name=\"twitter:data1\" content=\"1\u00a0Minute\" \/>\n<script type=\"application\/ld+json\" class=\"yoast-schema-graph\">{\"@context\":\"https:\\\/\\\/schema.org\",\"@graph\":[{\"@type\":\"WebPage\",\"@id\":\"https:\\\/\\\/chorschule-frechen.de\\\/de\\\/unterricht-fuer-dirigat\\\/\",\"url\":\"https:\\\/\\\/chorschule-frechen.de\\\/de\\\/unterricht-fuer-dirigat\\\/\",\"name\":\"Unterricht f\u00fcr Dirigat - \u0412\u043e\u043a\u0430\u043b\u044c\u043d\u043e-\u0445\u043e\u0440\u043e\u0432\u0430 \u0448\u043a\u043e\u043b\u0430 \u041e\u043a\u0441\u0430\u043d\u0438 \u0414\u043e\u043d\u0434\u0438\u043a\",\"isPartOf\":{\"@id\":\"https:\\\/\\\/chorschule-frechen.de\\\/de\\\/#website\"},\"primaryImageOfPage\":{\"@id\":\"https:\\\/\\\/chorschule-frechen.de\\\/de\\\/unterricht-fuer-dirigat\\\/#primaryimage\"},\"image\":{\"@id\":\"https:\\\/\\\/chorschule-frechen.de\\\/de\\\/unterricht-fuer-dirigat\\\/#primaryimage\"},\"thumbnailUrl\":\"https:\\\/\\\/chorschule-frechen.de\\\/wp-content\\\/uploads\\\/2024\\\/11\\\/news10.jpg\",\"datePublished\":\"2024-11-13T09:44:27+00:00\",\"dateModified\":\"2025-01-27T22:10:18+00:00\",\"description\":\"Die Schule bietet Dirigierunterricht an. Wir werden Ihnen Dirigierschemata beibringen und Ihnen helfen, die Besonderheiten des Dirigierens auf eine einfache und leichte Weise zu verstehen.\",\"breadcrumb\":{\"@id\":\"https:\\\/\\\/chorschule-frechen.de\\\/de\\\/unterricht-fuer-dirigat\\\/#breadcrumb\"},\"inLanguage\":\"de\",\"potentialAction\":[{\"@type\":\"ReadAction\",\"target\":[\"https:\\\/\\\/chorschule-frechen.de\\\/de\\\/unterricht-fuer-dirigat\\\/\"]}]},{\"@type\":\"ImageObject\",\"inLanguage\":\"de\",\"@id\":\"https:\\\/\\\/chorschule-frechen.de\\\/de\\\/unterricht-fuer-dirigat\\\/#primaryimage\",\"url\":\"https:\\\/\\\/chorschule-frechen.de\\\/wp-content\\\/uploads\\\/2024\\\/11\\\/news10.jpg\",\"contentUrl\":\"https:\\\/\\\/chorschule-frechen.de\\\/wp-content\\\/uploads\\\/2024\\\/11\\\/news10.jpg\",\"width\":1920,\"height\":1080,\"caption\":\"Unterricht f\u00fcr Dirigat\"},{\"@type\":\"BreadcrumbList\",\"@id\":\"https:\\\/\\\/chorschule-frechen.de\\\/de\\\/unterricht-fuer-dirigat\\\/#breadcrumb\",\"itemListElement\":[{\"@type\":\"ListItem\",\"position\":1,\"name\":\"\u0413\u043e\u043b\u043e\u0432\u043d\u0430\",\"item\":\"https:\\\/\\\/chorschule-frechen.de\\\/de\\\/hauptseite\\\/\"},{\"@type\":\"ListItem\",\"position\":2,\"name\":\"Unterricht f\u00fcr Dirigat\"}]},{\"@type\":\"WebSite\",\"@id\":\"https:\\\/\\\/chorschule-frechen.de\\\/de\\\/#website\",\"url\":\"https:\\\/\\\/chorschule-frechen.de\\\/de\\\/\",\"name\":\"\u0412\u043e\u043a\u0430\u043b\u044c\u043d\u043e-\u0445\u043e\u0440\u043e\u0432\u0430 \u0448\u043a\u043e\u043b\u0430 \u041e\u043a\u0441\u0430\u043d\u0438 \u0414\u043e\u043d\u0434\u0438\u043a\",\"description\":\"\u0412\u043e\u043a\u0430\u043b\u044c\u043d\u043e-\u0445\u043e\u0440\u043e\u0432\u0430 \u0448\u043a\u043e\u043b\u0430 \u041e\u043a\u0441\u0430\u043d\u0438 \u0414\u043e\u043d\u0434\u0438\u043a\",\"publisher\":{\"@id\":\"https:\\\/\\\/chorschule-frechen.de\\\/de\\\/#organization\"},\"potentialAction\":[{\"@type\":\"SearchAction\",\"target\":{\"@type\":\"EntryPoint\",\"urlTemplate\":\"https:\\\/\\\/chorschule-frechen.de\\\/de\\\/?s={search_term_string}\"},\"query-input\":{\"@type\":\"PropertyValueSpecification\",\"valueRequired\":true,\"valueName\":\"search_term_string\"}}],\"inLanguage\":\"de\"},{\"@type\":\"Organization\",\"@id\":\"https:\\\/\\\/chorschule-frechen.de\\\/de\\\/#organization\",\"name\":\"\u0412\u043e\u043a\u0430\u043b\u044c\u043d\u043e-\u0445\u043e\u0440\u043e\u0432\u0430 \u0448\u043a\u043e\u043b\u0430 \u041e\u043a\u0441\u0430\u043d\u0438 \u0414\u043e\u043d\u0434\u0438\u043a\",\"url\":\"https:\\\/\\\/chorschule-frechen.de\\\/de\\\/\",\"logo\":{\"@type\":\"ImageObject\",\"inLanguage\":\"de\",\"@id\":\"https:\\\/\\\/chorschule-frechen.de\\\/de\\\/#\\\/schema\\\/logo\\\/image\\\/\",\"url\":\"https:\\\/\\\/chorschule-frechen.de\\\/wp-content\\\/uploads\\\/2024\\\/09\\\/\u041c\u043e\u043d\u0442\u0430\u0436\u043d\u0430\u044f-\u043e\u0431\u043b\u0430\u0441\u0442\u044c-1-e1727349916239.png\",\"contentUrl\":\"https:\\\/\\\/chorschule-frechen.de\\\/wp-content\\\/uploads\\\/2024\\\/09\\\/\u041c\u043e\u043d\u0442\u0430\u0436\u043d\u0430\u044f-\u043e\u0431\u043b\u0430\u0441\u0442\u044c-1-e1727349916239.png\",\"width\":597,\"height\":502,\"caption\":\"\u0412\u043e\u043a\u0430\u043b\u044c\u043d\u043e-\u0445\u043e\u0440\u043e\u0432\u0430 \u0448\u043a\u043e\u043b\u0430 \u041e\u043a\u0441\u0430\u043d\u0438 \u0414\u043e\u043d\u0434\u0438\u043a\"},\"image\":{\"@id\":\"https:\\\/\\\/chorschule-frechen.de\\\/de\\\/#\\\/schema\\\/logo\\\/image\\\/\"}}]}<\/script>\n<!-- \/ Yoast SEO plugin. -->","yoast_head_json":{"title":"Unterricht f\u00fcr Dirigat - \u0412\u043e\u043a\u0430\u043b\u044c\u043d\u043e-\u0445\u043e\u0440\u043e\u0432\u0430 \u0448\u043a\u043e\u043b\u0430 \u041e\u043a\u0441\u0430\u043d\u0438 \u0414\u043e\u043d\u0434\u0438\u043a","description":"Die Schule bietet Dirigierunterricht an. Wir werden Ihnen Dirigierschemata beibringen und Ihnen helfen, die Besonderheiten des Dirigierens auf eine einfache und leichte Weise zu verstehen.","robots":{"index":"index","follow":"follow","max-snippet":"max-snippet:-1","max-image-preview":"max-image-preview:large","max-video-preview":"max-video-preview:-1"},"canonical":"https:\/\/chorschule-frechen.de\/de\/unterricht-fuer-dirigat\/","og_locale":"de_DE","og_type":"article","og_title":"Unterricht f\u00fcr Dirigat - \u0412\u043e\u043a\u0430\u043b\u044c\u043d\u043e-\u0445\u043e\u0440\u043e\u0432\u0430 \u0448\u043a\u043e\u043b\u0430 \u041e\u043a\u0441\u0430\u043d\u0438 \u0414\u043e\u043d\u0434\u0438\u043a","og_description":"Die Schule bietet Dirigierunterricht an. Wir werden Ihnen Dirigierschemata beibringen und Ihnen helfen, die Besonderheiten des Dirigierens auf eine einfache und leichte Weise zu verstehen.","og_url":"https:\/\/chorschule-frechen.de\/de\/unterricht-fuer-dirigat\/","og_site_name":"\u0412\u043e\u043a\u0430\u043b\u044c\u043d\u043e-\u0445\u043e\u0440\u043e\u0432\u0430 \u0448\u043a\u043e\u043b\u0430 \u041e\u043a\u0441\u0430\u043d\u0438 \u0414\u043e\u043d\u0434\u0438\u043a","article_modified_time":"2025-01-27T22:10:18+00:00","og_image":[{"width":1920,"height":1080,"url":"https:\/\/chorschule-frechen.de\/wp-content\/uploads\/2024\/11\/news10.jpg","type":"image\/jpeg"}],"twitter_card":"summary_large_image","twitter_misc":{"Gesch\u00e4tzte Lesezeit":"1\u00a0Minute"},"schema":{"@context":"https:\/\/schema.org","@graph":[{"@type":"WebPage","@id":"https:\/\/chorschule-frechen.de\/de\/unterricht-fuer-dirigat\/","url":"https:\/\/chorschule-frechen.de\/de\/unterricht-fuer-dirigat\/","name":"Unterricht f\u00fcr Dirigat - \u0412\u043e\u043a\u0430\u043b\u044c\u043d\u043e-\u0445\u043e\u0440\u043e\u0432\u0430 \u0448\u043a\u043e\u043b\u0430 \u041e\u043a\u0441\u0430\u043d\u0438 \u0414\u043e\u043d\u0434\u0438\u043a","isPartOf":{"@id":"https:\/\/chorschule-frechen.de\/de\/#website"},"primaryImageOfPage":{"@id":"https:\/\/chorschule-frechen.de\/de\/unterricht-fuer-dirigat\/#primaryimage"},"image":{"@id":"https:\/\/chorschule-frechen.de\/de\/unterricht-fuer-dirigat\/#primaryimage"},"thumbnailUrl":"https:\/\/chorschule-frechen.de\/wp-content\/uploads\/2024\/11\/news10.jpg","datePublished":"2024-11-13T09:44:27+00:00","dateModified":"2025-01-27T22:10:18+00:00","description":"Die Schule bietet Dirigierunterricht an. Wir werden Ihnen Dirigierschemata beibringen und Ihnen helfen, die Besonderheiten des Dirigierens auf eine einfache und leichte Weise zu verstehen.","breadcrumb":{"@id":"https:\/\/chorschule-frechen.de\/de\/unterricht-fuer-dirigat\/#breadcrumb"},"inLanguage":"de","potentialAction":[{"@type":"ReadAction","target":["https:\/\/chorschule-frechen.de\/de\/unterricht-fuer-dirigat\/"]}]},{"@type":"ImageObject","inLanguage":"de","@id":"https:\/\/chorschule-frechen.de\/de\/unterricht-fuer-dirigat\/#primaryimage","url":"https:\/\/chorschule-frechen.de\/wp-content\/uploads\/2024\/11\/news10.jpg","contentUrl":"https:\/\/chorschule-frechen.de\/wp-content\/uploads\/2024\/11\/news10.jpg","width":1920,"height":1080,"caption":"Unterricht f\u00fcr Dirigat"},{"@type":"BreadcrumbList","@id":"https:\/\/chorschule-frechen.de\/de\/unterricht-fuer-dirigat\/#breadcrumb","itemListElement":[{"@type":"ListItem","position":1,"name":"\u0413\u043e\u043b\u043e\u0432\u043d\u0430","item":"https:\/\/chorschule-frechen.de\/de\/hauptseite\/"},{"@type":"ListItem","position":2,"name":"Unterricht f\u00fcr Dirigat"}]},{"@type":"WebSite","@id":"https:\/\/chorschule-frechen.de\/de\/#website","url":"https:\/\/chorschule-frechen.de\/de\/","name":"\u0412\u043e\u043a\u0430\u043b\u044c\u043d\u043e-\u0445\u043e\u0440\u043e\u0432\u0430 \u0448\u043a\u043e\u043b\u0430 \u041e\u043a\u0441\u0430\u043d\u0438 \u0414\u043e\u043d\u0434\u0438\u043a","description":"\u0412\u043e\u043a\u0430\u043b\u044c\u043d\u043e-\u0445\u043e\u0440\u043e\u0432\u0430 \u0448\u043a\u043e\u043b\u0430 \u041e\u043a\u0441\u0430\u043d\u0438 \u0414\u043e\u043d\u0434\u0438\u043a","publisher":{"@id":"https:\/\/chorschule-frechen.de\/de\/#organization"},"potentialAction":[{"@type":"SearchAction","target":{"@type":"EntryPoint","urlTemplate":"https:\/\/chorschule-frechen.de\/de\/?s={search_term_string}"},"query-input":{"@type":"PropertyValueSpecification","valueRequired":true,"valueName":"search_term_string"}}],"inLanguage":"de"},{"@type":"Organization","@id":"https:\/\/chorschule-frechen.de\/de\/#organization","name":"\u0412\u043e\u043a\u0430\u043b\u044c\u043d\u043e-\u0445\u043e\u0440\u043e\u0432\u0430 \u0448\u043a\u043e\u043b\u0430 \u041e\u043a\u0441\u0430\u043d\u0438 \u0414\u043e\u043d\u0434\u0438\u043a","url":"https:\/\/chorschule-frechen.de\/de\/","logo":{"@type":"ImageObject","inLanguage":"de","@id":"https:\/\/chorschule-frechen.de\/de\/#\/schema\/logo\/image\/","url":"https:\/\/chorschule-frechen.de\/wp-content\/uploads\/2024\/09\/\u041c\u043e\u043d\u0442\u0430\u0436\u043d\u0430\u044f-\u043e\u0431\u043b\u0430\u0441\u0442\u044c-1-e1727349916239.png","contentUrl":"https:\/\/chorschule-frechen.de\/wp-content\/uploads\/2024\/09\/\u041c\u043e\u043d\u0442\u0430\u0436\u043d\u0430\u044f-\u043e\u0431\u043b\u0430\u0441\u0442\u044c-1-e1727349916239.png","width":597,"height":502,"caption":"\u0412\u043e\u043a\u0430\u043b\u044c\u043d\u043e-\u0445\u043e\u0440\u043e\u0432\u0430 \u0448\u043a\u043e\u043b\u0430 \u041e\u043a\u0441\u0430\u043d\u0438 \u0414\u043e\u043d\u0434\u0438\u043a"},"image":{"@id":"https:\/\/chorschule-frechen.de\/de\/#\/schema\/logo\/image\/"}}]}},"_links":{"self":[{"href":"https:\/\/chorschule-frechen.de\/de\/wp-json\/wp\/v2\/pages\/5970","targetHints":{"allow":["GET"]}}],"collection":[{"href":"https:\/\/chorschule-frechen.de\/de\/wp-json\/wp\/v2\/pages"}],"about":[{"href":"https:\/\/chorschule-frechen.de\/de\/wp-json\/wp\/v2\/types\/page"}],"author":[{"embeddable":true,"href":"https:\/\/chorschule-frechen.de\/de\/wp-json\/wp\/v2\/users\/2"}],"replies":[{"embeddable":true,"href":"https:\/\/chorschule-frechen.de\/de\/wp-json\/wp\/v2\/comments?post=5970"}],"version-history":[{"count":5,"href":"https:\/\/chorschule-frechen.de\/de\/wp-json\/wp\/v2\/pages\/5970\/revisions"}],"predecessor-version":[{"id":6683,"href":"https:\/\/chorschule-frechen.de\/de\/wp-json\/wp\/v2\/pages\/5970\/revisions\/6683"}],"wp:featuredmedia":[{"embeddable":true,"href":"https:\/\/chorschule-frechen.de\/de\/wp-json\/wp\/v2\/media\/5694"}],"wp:attachment":[{"href":"https:\/\/chorschule-frechen.de\/de\/wp-json\/wp\/v2\/media?parent=5970"}],"curies":[{"name":"wp","href":"https:\/\/api.w.org\/{rel}","templated":true}]}}