{"id":5968,"date":"2024-11-13T11:46:07","date_gmt":"2024-11-13T09:46:07","guid":{"rendered":"https:\/\/chorschule-frechen.de\/gesangsunterricht\/"},"modified":"2025-01-28T00:09:32","modified_gmt":"2025-01-27T22:09:32","slug":"gesangsunterricht","status":"publish","type":"page","link":"https:\/\/chorschule-frechen.de\/de\/gesangsunterricht\/","title":{"rendered":"Gesangsunterricht"},"content":{"rendered":"\t\t<div data-elementor-type=\"wp-page\" data-elementor-id=\"5968\" class=\"elementor elementor-5968 elementor-2393\" data-elementor-post-type=\"page\">\n\t\t\t\t<div class=\"elementor-element elementor-element-4807c3f e-flex e-con-boxed e-con e-parent\" data-id=\"4807c3f\" data-element_type=\"container\" data-e-type=\"container\">\n\t\t\t\t\t<div class=\"e-con-inner\">\n\t\t<div class=\"elementor-element elementor-element-ea533b2 e-con-full e-flex e-con e-child\" data-id=\"ea533b2\" data-element_type=\"container\" data-e-type=\"container\">\n\t\t\t\t<div class=\"elementor-element elementor-element-4f5433d elementor-widget elementor-widget-text-editor\" data-id=\"4f5433d\" data-element_type=\"widget\" data-e-type=\"widget\" data-widget_type=\"text-editor.default\">\n\t\t\t\t<div class=\"elementor-widget-container\">\n\t\t\t\t\t\t\t\t\t<p>Die Liebe zum Singen ist uns genetisch in die Wiege gelegt. Wir singen, wenn wir gut gelaunt und wenn wir traurig sind. Wir h\u00f6ren \u00fcberall um uns herum Gesang, im Radio, im Fernsehen, bei Konzerten und in Theatern. Es ist ein Teil unseres Lebens. Singen bringt Freude und Inspiration, emotionalen Auftrieb und Euphorie.<\/p>\n<p>Wenn man den Wunsch hat, singen zu lernen, Gesangstechniken zu beherrschen, seine Stimme zu entfalten, sollte man immer auf sein Herz h\u00f6ren und es ausprobieren. Wenn man einmal mit dem Universum der Stimme in Ber\u00fchrung gekommen ist, wird man f\u00fcr immer ein Teil davon. Die Besch\u00e4ftigung mit der eigenen Stimme wird das eigene Leben bereichern und eine dauerhafte Inspirationsquelle sein.<\/p>\n\t\t\t\t\t\t\t\t<\/div>\n\t\t\t\t<\/div>\n\t\t\t\t<\/div>\n\t\t<div class=\"elementor-element elementor-element-0890275 e-con-full e-flex e-con e-child\" data-id=\"0890275\" data-element_type=\"container\" data-e-type=\"container\">\n\t\t<div class=\"elementor-element elementor-element-34f08ce e-con-full e-flex e-con e-child\" data-id=\"34f08ce\" data-element_type=\"container\" data-e-type=\"container\">\n\t\t\t\t<div class=\"elementor-element elementor-element-6c7702a wk-image-overlay elementor-widget elementor-widget-image\" data-id=\"6c7702a\" data-element_type=\"widget\" data-e-type=\"widget\" data-widget_type=\"image.default\">\n\t\t\t\t<div class=\"elementor-widget-container\">\n\t\t\t\t\t\t\t\t\t\t\t\t\t\t\t\t<a href=\"https:\/\/chorschule-frechen.de\/wp-content\/uploads\/2025\/01\/urok-vokalu1.jpg\" data-elementor-open-lightbox=\"yes\" data-elementor-lightbox-title=\"Der erste Gesangs-Meisterkurs 25.01. 2025\" data-elementor-lightbox-description=\"Der erste Gesangs-Meisterkurs 25.01. 2025  \" data-e-action-hash=\"#elementor-action%3Aaction%3Dlightbox%26settings%3DeyJpZCI6NjE2NSwidXJsIjoiaHR0cHM6XC9cL2Nob3JzY2h1bGUtZnJlY2hlbi5kZVwvd3AtY29udGVudFwvdXBsb2Fkc1wvMjAyNVwvMDFcL3Vyb2stdm9rYWx1MS5qcGcifQ%3D%3D\">\n\t\t\t\t\t\t\t<img fetchpriority=\"high\" decoding=\"async\" width=\"800\" height=\"534\" src=\"https:\/\/chorschule-frechen.de\/wp-content\/uploads\/2025\/01\/urok-vokalu1-1024x683.jpg\" class=\"attachment-large size-large wp-image-6165\" alt=\"Der erste Gesangs-Meisterkurs 25.01. 2025\" srcset=\"https:\/\/chorschule-frechen.de\/wp-content\/uploads\/2025\/01\/urok-vokalu1-1024x683.jpg 1024w, https:\/\/chorschule-frechen.de\/wp-content\/uploads\/2025\/01\/urok-vokalu1-300x200.jpg 300w, https:\/\/chorschule-frechen.de\/wp-content\/uploads\/2025\/01\/urok-vokalu1-768x512.jpg 768w, https:\/\/chorschule-frechen.de\/wp-content\/uploads\/2025\/01\/urok-vokalu1.jpg 1200w\" sizes=\"(max-width: 800px) 100vw, 800px\" \/>\t\t\t\t\t\t\t\t<\/a>\n\t\t\t\t\t\t\t\t\t\t\t\t\t\t\t<\/div>\n\t\t\t\t<\/div>\n\t\t\t\t<\/div>\n\t\t\t\t<\/div>\n\t\t\t\t\t<\/div>\n\t\t\t\t<\/div>\n\t\t<div class=\"elementor-element elementor-element-e54fb6d e-flex e-con-boxed e-con e-parent\" data-id=\"e54fb6d\" data-element_type=\"container\" data-e-type=\"container\">\n\t\t\t\t\t<div class=\"e-con-inner\">\n\t\t<div class=\"elementor-element elementor-element-0506072 e-con-full e-flex e-con e-child\" data-id=\"0506072\" data-element_type=\"container\" data-e-type=\"container\">\n\t\t\t\t<div class=\"elementor-element elementor-element-fe59f63 elementor-widget elementor-widget-text-editor\" data-id=\"fe59f63\" data-element_type=\"widget\" data-e-type=\"widget\" data-widget_type=\"text-editor.default\">\n\t\t\t\t<div class=\"elementor-widget-container\">\n\t\t\t\t\t\t\t\t\t<p>Die Gesangs- und Choralschule bietet Ihnen die M\u00f6glichkeit, das Singen nach den Regeln des akademischen Gesangs zu erlernen.<\/p>\n<p>Der Unterricht wird von Oksana Dondyk erteilt, einer Lehrerin mit viel Erfahrung. Ihre Sch\u00fcler sind Gewinner internationaler Wettbewerbe und arbeiten erfolgreich in der Musikbranche.<\/p>\n<p>Die Unterrichtsmethodik zielt auf die umfassende Entwicklung der Stimme ab. Gro\u00dfe Aufmerksamkeit wird der Atemtechnik, der Gl\u00e4ttung der Register, der Arbeit an den Resonatoren und der Diktion gewidmet.<\/p>\n<p>Die Stimme entwickelt sich kontinuierlich, und bereits nach sechs Monaten Unterricht kann man das Ergebnis sehen bzw. h\u00f6ren und den gro\u00dfen Unterschied zwischen der ersten und der letzten Unterrichtsstunde erkennen.<\/p>\n<p>Das Ausbildungsprogramm wird individuell ausgew\u00e4hlt, je nach Stimmtyp, musikalischer Ausbildung und technischen F\u00e4higkeiten des Sch\u00fclers. Es umfasst die Teilnahme an offenen Meisterkursen, die Vorbereitung auf Gesangswettbewerbe, Aufnahmepr\u00fcfungen und Konzerte.<\/p>\n<p>Neben der Gesangstechnik wird der musikalischen Seite der Darbietung, dem Charakter und dem Stil von Romanzen, Arien und Liedern sowie dem k\u00fcnstlerischen K\u00f6nnen gro\u00dfe Aufmerksamkeit gewidmet.<\/p>\n<p>F\u00fcr Chors\u00e4nger, die auch Gesangsunterricht nehmen, gibt es die M\u00f6glichkeit, sich als Chorsolist auszuprobieren und neue F\u00e4higkeiten zu erlernen.<\/p>\n<p>Ziel und Aufgabe der Gesangsschule ist es, den Sch\u00fclern die M\u00f6glichkeit zu geben, praktische Erfahrungen zu sammeln. Daher ist es eine wichtige Aufgabe der Schule, Gesangskonzerte zu organisieren, bei denen die Sch\u00fcler ihr Talent zeigen, sich auf der B\u00fchne pr\u00e4sentieren und sich durch die Interaktion mit dem Publikum inspirieren lassen k\u00f6nnen.<\/p>\n<p><span style=\"font-weight: bolder;\">Ber\u00fchren Sie Ihre Seele, Ihre Muse, erleben Sie neue Gl\u00fccksgef\u00fchle, indem Sie singen lernen, denn die Technik \u00f6ffnet den Weg zur Inspiration.<\/span><\/p>\n\t\t\t\t\t\t\t\t<\/div>\n\t\t\t\t<\/div>\n\t\t\t\t<\/div>\n\t\t\t\t\t<\/div>\n\t\t\t\t<\/div>\n\t\t\t\t<\/div>\n\t\t","protected":false},"excerpt":{"rendered":"<p>Die Liebe zum Singen ist uns genetisch in die Wiege gelegt. Wir singen, wenn wir gut gelaunt und wenn wir traurig sind. Wir h\u00f6ren \u00fcberall um uns herum Gesang, im Radio, im Fernsehen, bei Konzerten und in Theatern. Es ist ein Teil unseres Lebens. Singen bringt Freude und Inspiration, emotionalen Auftrieb und Euphorie. Wenn man [&hellip;]<\/p>\n","protected":false},"author":2,"featured_media":6165,"parent":0,"menu_order":0,"comment_status":"closed","ping_status":"closed","template":"","meta":{"footnotes":""},"class_list":["post-5968","page","type-page","status-publish","has-post-thumbnail","hentry"],"yoast_head":"<!-- This site is optimized with the Yoast SEO plugin v27.3 - https:\/\/yoast.com\/product\/yoast-seo-wordpress\/ -->\n<title>Gesangsunterricht - \u0412\u043e\u043a\u0430\u043b\u044c\u043d\u043e-\u0445\u043e\u0440\u043e\u0432\u0430 \u0448\u043a\u043e\u043b\u0430 \u041e\u043a\u0441\u0430\u043d\u0438 \u0414\u043e\u043d\u0434\u0438\u043a<\/title>\n<meta name=\"description\" content=\"Der Gesangsunterricht richtet sich an nicht-professionelle Musiker jeden Alters und an angehende S\u00e4ngerinnen und S\u00e4nger - an alle, die professionelle Unterst\u00fctzung bei der Arbeit an ihrer Stimme ben\u00f6tigen.\" \/>\n<meta name=\"robots\" content=\"index, follow, max-snippet:-1, max-image-preview:large, max-video-preview:-1\" \/>\n<link rel=\"canonical\" href=\"https:\/\/chorschule-frechen.de\/de\/gesangsunterricht\/\" \/>\n<meta property=\"og:locale\" content=\"de_DE\" \/>\n<meta property=\"og:type\" content=\"article\" \/>\n<meta property=\"og:title\" content=\"Gesangsunterricht - \u0412\u043e\u043a\u0430\u043b\u044c\u043d\u043e-\u0445\u043e\u0440\u043e\u0432\u0430 \u0448\u043a\u043e\u043b\u0430 \u041e\u043a\u0441\u0430\u043d\u0438 \u0414\u043e\u043d\u0434\u0438\u043a\" \/>\n<meta property=\"og:description\" content=\"Der Gesangsunterricht richtet sich an nicht-professionelle Musiker jeden Alters und an angehende S\u00e4ngerinnen und S\u00e4nger - an alle, die professionelle Unterst\u00fctzung bei der Arbeit an ihrer Stimme ben\u00f6tigen.\" \/>\n<meta property=\"og:url\" content=\"https:\/\/chorschule-frechen.de\/de\/gesangsunterricht\/\" \/>\n<meta property=\"og:site_name\" content=\"\u0412\u043e\u043a\u0430\u043b\u044c\u043d\u043e-\u0445\u043e\u0440\u043e\u0432\u0430 \u0448\u043a\u043e\u043b\u0430 \u041e\u043a\u0441\u0430\u043d\u0438 \u0414\u043e\u043d\u0434\u0438\u043a\" \/>\n<meta property=\"article:modified_time\" content=\"2025-01-27T22:09:32+00:00\" \/>\n<meta property=\"og:image\" content=\"https:\/\/chorschule-frechen.de\/wp-content\/uploads\/2025\/01\/urok-vokalu1.jpg\" \/>\n\t<meta property=\"og:image:width\" content=\"1200\" \/>\n\t<meta property=\"og:image:height\" content=\"800\" \/>\n\t<meta property=\"og:image:type\" content=\"image\/jpeg\" \/>\n<meta name=\"twitter:card\" content=\"summary_large_image\" \/>\n<meta name=\"twitter:label1\" content=\"Gesch\u00e4tzte Lesezeit\" \/>\n\t<meta name=\"twitter:data1\" content=\"2\u00a0Minuten\" \/>\n<script type=\"application\/ld+json\" class=\"yoast-schema-graph\">{\"@context\":\"https:\\\/\\\/schema.org\",\"@graph\":[{\"@type\":\"WebPage\",\"@id\":\"https:\\\/\\\/chorschule-frechen.de\\\/de\\\/gesangsunterricht\\\/\",\"url\":\"https:\\\/\\\/chorschule-frechen.de\\\/de\\\/gesangsunterricht\\\/\",\"name\":\"Gesangsunterricht - \u0412\u043e\u043a\u0430\u043b\u044c\u043d\u043e-\u0445\u043e\u0440\u043e\u0432\u0430 \u0448\u043a\u043e\u043b\u0430 \u041e\u043a\u0441\u0430\u043d\u0438 \u0414\u043e\u043d\u0434\u0438\u043a\",\"isPartOf\":{\"@id\":\"https:\\\/\\\/chorschule-frechen.de\\\/de\\\/#website\"},\"primaryImageOfPage\":{\"@id\":\"https:\\\/\\\/chorschule-frechen.de\\\/de\\\/gesangsunterricht\\\/#primaryimage\"},\"image\":{\"@id\":\"https:\\\/\\\/chorschule-frechen.de\\\/de\\\/gesangsunterricht\\\/#primaryimage\"},\"thumbnailUrl\":\"https:\\\/\\\/chorschule-frechen.de\\\/wp-content\\\/uploads\\\/2025\\\/01\\\/urok-vokalu1.jpg\",\"datePublished\":\"2024-11-13T09:46:07+00:00\",\"dateModified\":\"2025-01-27T22:09:32+00:00\",\"description\":\"Der Gesangsunterricht richtet sich an nicht-professionelle Musiker jeden Alters und an angehende S\u00e4ngerinnen und S\u00e4nger - an alle, die professionelle Unterst\u00fctzung bei der Arbeit an ihrer Stimme ben\u00f6tigen.\",\"breadcrumb\":{\"@id\":\"https:\\\/\\\/chorschule-frechen.de\\\/de\\\/gesangsunterricht\\\/#breadcrumb\"},\"inLanguage\":\"de\",\"potentialAction\":[{\"@type\":\"ReadAction\",\"target\":[\"https:\\\/\\\/chorschule-frechen.de\\\/de\\\/gesangsunterricht\\\/\"]}]},{\"@type\":\"ImageObject\",\"inLanguage\":\"de\",\"@id\":\"https:\\\/\\\/chorschule-frechen.de\\\/de\\\/gesangsunterricht\\\/#primaryimage\",\"url\":\"https:\\\/\\\/chorschule-frechen.de\\\/wp-content\\\/uploads\\\/2025\\\/01\\\/urok-vokalu1.jpg\",\"contentUrl\":\"https:\\\/\\\/chorschule-frechen.de\\\/wp-content\\\/uploads\\\/2025\\\/01\\\/urok-vokalu1.jpg\",\"width\":1200,\"height\":800,\"caption\":\"{\\\"ARInfo\\\":{\\\"IsUseAR\\\":false},\\\"Version\\\":\\\"1.0.0\\\",\\\"MakeupInfo\\\":{\\\"IsUseMakeup\\\":false},\\\"FaceliftInfo\\\":{\\\"IsChangeEyeLift\\\":false,\\\"IsChangeFacelift\\\":false,\\\"IsChangePostureLift\\\":false,\\\"IsChangeNose\\\":false,\\\"IsChangeFaceChin\\\":false,\\\"IsChangeMouth\\\":false,\\\"IsChangeThinFace\\\":false},\\\"BeautyInfo\\\":{\\\"SwitchMedicatedAcne\\\":false,\\\"IsAIBeauty\\\":false,\\\"IsBrightEyes\\\":false,\\\"IsSharpen\\\":false,\\\"IsOldBeauty\\\":false,\\\"IsReduceBlackEyes\\\":false},\\\"HandlerInfo\\\":{\\\"AppName\\\":2},\\\"FilterInfo\\\":{\\\"IsUseFilter\\\":false}}\"},{\"@type\":\"BreadcrumbList\",\"@id\":\"https:\\\/\\\/chorschule-frechen.de\\\/de\\\/gesangsunterricht\\\/#breadcrumb\",\"itemListElement\":[{\"@type\":\"ListItem\",\"position\":1,\"name\":\"\u0413\u043e\u043b\u043e\u0432\u043d\u0430\",\"item\":\"https:\\\/\\\/chorschule-frechen.de\\\/de\\\/hauptseite\\\/\"},{\"@type\":\"ListItem\",\"position\":2,\"name\":\"Gesangsunterricht\"}]},{\"@type\":\"WebSite\",\"@id\":\"https:\\\/\\\/chorschule-frechen.de\\\/de\\\/#website\",\"url\":\"https:\\\/\\\/chorschule-frechen.de\\\/de\\\/\",\"name\":\"\u0412\u043e\u043a\u0430\u043b\u044c\u043d\u043e-\u0445\u043e\u0440\u043e\u0432\u0430 \u0448\u043a\u043e\u043b\u0430 \u041e\u043a\u0441\u0430\u043d\u0438 \u0414\u043e\u043d\u0434\u0438\u043a\",\"description\":\"\u0412\u043e\u043a\u0430\u043b\u044c\u043d\u043e-\u0445\u043e\u0440\u043e\u0432\u0430 \u0448\u043a\u043e\u043b\u0430 \u041e\u043a\u0441\u0430\u043d\u0438 \u0414\u043e\u043d\u0434\u0438\u043a\",\"publisher\":{\"@id\":\"https:\\\/\\\/chorschule-frechen.de\\\/de\\\/#organization\"},\"potentialAction\":[{\"@type\":\"SearchAction\",\"target\":{\"@type\":\"EntryPoint\",\"urlTemplate\":\"https:\\\/\\\/chorschule-frechen.de\\\/de\\\/?s={search_term_string}\"},\"query-input\":{\"@type\":\"PropertyValueSpecification\",\"valueRequired\":true,\"valueName\":\"search_term_string\"}}],\"inLanguage\":\"de\"},{\"@type\":\"Organization\",\"@id\":\"https:\\\/\\\/chorschule-frechen.de\\\/de\\\/#organization\",\"name\":\"\u0412\u043e\u043a\u0430\u043b\u044c\u043d\u043e-\u0445\u043e\u0440\u043e\u0432\u0430 \u0448\u043a\u043e\u043b\u0430 \u041e\u043a\u0441\u0430\u043d\u0438 \u0414\u043e\u043d\u0434\u0438\u043a\",\"url\":\"https:\\\/\\\/chorschule-frechen.de\\\/de\\\/\",\"logo\":{\"@type\":\"ImageObject\",\"inLanguage\":\"de\",\"@id\":\"https:\\\/\\\/chorschule-frechen.de\\\/de\\\/#\\\/schema\\\/logo\\\/image\\\/\",\"url\":\"https:\\\/\\\/chorschule-frechen.de\\\/wp-content\\\/uploads\\\/2024\\\/09\\\/\u041c\u043e\u043d\u0442\u0430\u0436\u043d\u0430\u044f-\u043e\u0431\u043b\u0430\u0441\u0442\u044c-1-e1727349916239.png\",\"contentUrl\":\"https:\\\/\\\/chorschule-frechen.de\\\/wp-content\\\/uploads\\\/2024\\\/09\\\/\u041c\u043e\u043d\u0442\u0430\u0436\u043d\u0430\u044f-\u043e\u0431\u043b\u0430\u0441\u0442\u044c-1-e1727349916239.png\",\"width\":597,\"height\":502,\"caption\":\"\u0412\u043e\u043a\u0430\u043b\u044c\u043d\u043e-\u0445\u043e\u0440\u043e\u0432\u0430 \u0448\u043a\u043e\u043b\u0430 \u041e\u043a\u0441\u0430\u043d\u0438 \u0414\u043e\u043d\u0434\u0438\u043a\"},\"image\":{\"@id\":\"https:\\\/\\\/chorschule-frechen.de\\\/de\\\/#\\\/schema\\\/logo\\\/image\\\/\"}}]}<\/script>\n<!-- \/ Yoast SEO plugin. -->","yoast_head_json":{"title":"Gesangsunterricht - \u0412\u043e\u043a\u0430\u043b\u044c\u043d\u043e-\u0445\u043e\u0440\u043e\u0432\u0430 \u0448\u043a\u043e\u043b\u0430 \u041e\u043a\u0441\u0430\u043d\u0438 \u0414\u043e\u043d\u0434\u0438\u043a","description":"Der Gesangsunterricht richtet sich an nicht-professionelle Musiker jeden Alters und an angehende S\u00e4ngerinnen und S\u00e4nger - an alle, die professionelle Unterst\u00fctzung bei der Arbeit an ihrer Stimme ben\u00f6tigen.","robots":{"index":"index","follow":"follow","max-snippet":"max-snippet:-1","max-image-preview":"max-image-preview:large","max-video-preview":"max-video-preview:-1"},"canonical":"https:\/\/chorschule-frechen.de\/de\/gesangsunterricht\/","og_locale":"de_DE","og_type":"article","og_title":"Gesangsunterricht - \u0412\u043e\u043a\u0430\u043b\u044c\u043d\u043e-\u0445\u043e\u0440\u043e\u0432\u0430 \u0448\u043a\u043e\u043b\u0430 \u041e\u043a\u0441\u0430\u043d\u0438 \u0414\u043e\u043d\u0434\u0438\u043a","og_description":"Der Gesangsunterricht richtet sich an nicht-professionelle Musiker jeden Alters und an angehende S\u00e4ngerinnen und S\u00e4nger - an alle, die professionelle Unterst\u00fctzung bei der Arbeit an ihrer Stimme ben\u00f6tigen.","og_url":"https:\/\/chorschule-frechen.de\/de\/gesangsunterricht\/","og_site_name":"\u0412\u043e\u043a\u0430\u043b\u044c\u043d\u043e-\u0445\u043e\u0440\u043e\u0432\u0430 \u0448\u043a\u043e\u043b\u0430 \u041e\u043a\u0441\u0430\u043d\u0438 \u0414\u043e\u043d\u0434\u0438\u043a","article_modified_time":"2025-01-27T22:09:32+00:00","og_image":[{"width":1200,"height":800,"url":"https:\/\/chorschule-frechen.de\/wp-content\/uploads\/2025\/01\/urok-vokalu1.jpg","type":"image\/jpeg"}],"twitter_card":"summary_large_image","twitter_misc":{"Gesch\u00e4tzte Lesezeit":"2\u00a0Minuten"},"schema":{"@context":"https:\/\/schema.org","@graph":[{"@type":"WebPage","@id":"https:\/\/chorschule-frechen.de\/de\/gesangsunterricht\/","url":"https:\/\/chorschule-frechen.de\/de\/gesangsunterricht\/","name":"Gesangsunterricht - \u0412\u043e\u043a\u0430\u043b\u044c\u043d\u043e-\u0445\u043e\u0440\u043e\u0432\u0430 \u0448\u043a\u043e\u043b\u0430 \u041e\u043a\u0441\u0430\u043d\u0438 \u0414\u043e\u043d\u0434\u0438\u043a","isPartOf":{"@id":"https:\/\/chorschule-frechen.de\/de\/#website"},"primaryImageOfPage":{"@id":"https:\/\/chorschule-frechen.de\/de\/gesangsunterricht\/#primaryimage"},"image":{"@id":"https:\/\/chorschule-frechen.de\/de\/gesangsunterricht\/#primaryimage"},"thumbnailUrl":"https:\/\/chorschule-frechen.de\/wp-content\/uploads\/2025\/01\/urok-vokalu1.jpg","datePublished":"2024-11-13T09:46:07+00:00","dateModified":"2025-01-27T22:09:32+00:00","description":"Der Gesangsunterricht richtet sich an nicht-professionelle Musiker jeden Alters und an angehende S\u00e4ngerinnen und S\u00e4nger - an alle, die professionelle Unterst\u00fctzung bei der Arbeit an ihrer Stimme ben\u00f6tigen.","breadcrumb":{"@id":"https:\/\/chorschule-frechen.de\/de\/gesangsunterricht\/#breadcrumb"},"inLanguage":"de","potentialAction":[{"@type":"ReadAction","target":["https:\/\/chorschule-frechen.de\/de\/gesangsunterricht\/"]}]},{"@type":"ImageObject","inLanguage":"de","@id":"https:\/\/chorschule-frechen.de\/de\/gesangsunterricht\/#primaryimage","url":"https:\/\/chorschule-frechen.de\/wp-content\/uploads\/2025\/01\/urok-vokalu1.jpg","contentUrl":"https:\/\/chorschule-frechen.de\/wp-content\/uploads\/2025\/01\/urok-vokalu1.jpg","width":1200,"height":800,"caption":"{\"ARInfo\":{\"IsUseAR\":false},\"Version\":\"1.0.0\",\"MakeupInfo\":{\"IsUseMakeup\":false},\"FaceliftInfo\":{\"IsChangeEyeLift\":false,\"IsChangeFacelift\":false,\"IsChangePostureLift\":false,\"IsChangeNose\":false,\"IsChangeFaceChin\":false,\"IsChangeMouth\":false,\"IsChangeThinFace\":false},\"BeautyInfo\":{\"SwitchMedicatedAcne\":false,\"IsAIBeauty\":false,\"IsBrightEyes\":false,\"IsSharpen\":false,\"IsOldBeauty\":false,\"IsReduceBlackEyes\":false},\"HandlerInfo\":{\"AppName\":2},\"FilterInfo\":{\"IsUseFilter\":false}}"},{"@type":"BreadcrumbList","@id":"https:\/\/chorschule-frechen.de\/de\/gesangsunterricht\/#breadcrumb","itemListElement":[{"@type":"ListItem","position":1,"name":"\u0413\u043e\u043b\u043e\u0432\u043d\u0430","item":"https:\/\/chorschule-frechen.de\/de\/hauptseite\/"},{"@type":"ListItem","position":2,"name":"Gesangsunterricht"}]},{"@type":"WebSite","@id":"https:\/\/chorschule-frechen.de\/de\/#website","url":"https:\/\/chorschule-frechen.de\/de\/","name":"\u0412\u043e\u043a\u0430\u043b\u044c\u043d\u043e-\u0445\u043e\u0440\u043e\u0432\u0430 \u0448\u043a\u043e\u043b\u0430 \u041e\u043a\u0441\u0430\u043d\u0438 \u0414\u043e\u043d\u0434\u0438\u043a","description":"\u0412\u043e\u043a\u0430\u043b\u044c\u043d\u043e-\u0445\u043e\u0440\u043e\u0432\u0430 \u0448\u043a\u043e\u043b\u0430 \u041e\u043a\u0441\u0430\u043d\u0438 \u0414\u043e\u043d\u0434\u0438\u043a","publisher":{"@id":"https:\/\/chorschule-frechen.de\/de\/#organization"},"potentialAction":[{"@type":"SearchAction","target":{"@type":"EntryPoint","urlTemplate":"https:\/\/chorschule-frechen.de\/de\/?s={search_term_string}"},"query-input":{"@type":"PropertyValueSpecification","valueRequired":true,"valueName":"search_term_string"}}],"inLanguage":"de"},{"@type":"Organization","@id":"https:\/\/chorschule-frechen.de\/de\/#organization","name":"\u0412\u043e\u043a\u0430\u043b\u044c\u043d\u043e-\u0445\u043e\u0440\u043e\u0432\u0430 \u0448\u043a\u043e\u043b\u0430 \u041e\u043a\u0441\u0430\u043d\u0438 \u0414\u043e\u043d\u0434\u0438\u043a","url":"https:\/\/chorschule-frechen.de\/de\/","logo":{"@type":"ImageObject","inLanguage":"de","@id":"https:\/\/chorschule-frechen.de\/de\/#\/schema\/logo\/image\/","url":"https:\/\/chorschule-frechen.de\/wp-content\/uploads\/2024\/09\/\u041c\u043e\u043d\u0442\u0430\u0436\u043d\u0430\u044f-\u043e\u0431\u043b\u0430\u0441\u0442\u044c-1-e1727349916239.png","contentUrl":"https:\/\/chorschule-frechen.de\/wp-content\/uploads\/2024\/09\/\u041c\u043e\u043d\u0442\u0430\u0436\u043d\u0430\u044f-\u043e\u0431\u043b\u0430\u0441\u0442\u044c-1-e1727349916239.png","width":597,"height":502,"caption":"\u0412\u043e\u043a\u0430\u043b\u044c\u043d\u043e-\u0445\u043e\u0440\u043e\u0432\u0430 \u0448\u043a\u043e\u043b\u0430 \u041e\u043a\u0441\u0430\u043d\u0438 \u0414\u043e\u043d\u0434\u0438\u043a"},"image":{"@id":"https:\/\/chorschule-frechen.de\/de\/#\/schema\/logo\/image\/"}}]}},"_links":{"self":[{"href":"https:\/\/chorschule-frechen.de\/de\/wp-json\/wp\/v2\/pages\/5968","targetHints":{"allow":["GET"]}}],"collection":[{"href":"https:\/\/chorschule-frechen.de\/de\/wp-json\/wp\/v2\/pages"}],"about":[{"href":"https:\/\/chorschule-frechen.de\/de\/wp-json\/wp\/v2\/types\/page"}],"author":[{"embeddable":true,"href":"https:\/\/chorschule-frechen.de\/de\/wp-json\/wp\/v2\/users\/2"}],"replies":[{"embeddable":true,"href":"https:\/\/chorschule-frechen.de\/de\/wp-json\/wp\/v2\/comments?post=5968"}],"version-history":[{"count":3,"href":"https:\/\/chorschule-frechen.de\/de\/wp-json\/wp\/v2\/pages\/5968\/revisions"}],"predecessor-version":[{"id":6681,"href":"https:\/\/chorschule-frechen.de\/de\/wp-json\/wp\/v2\/pages\/5968\/revisions\/6681"}],"wp:featuredmedia":[{"embeddable":true,"href":"https:\/\/chorschule-frechen.de\/de\/wp-json\/wp\/v2\/media\/6165"}],"wp:attachment":[{"href":"https:\/\/chorschule-frechen.de\/de\/wp-json\/wp\/v2\/media?parent=5968"}],"curies":[{"name":"wp","href":"https:\/\/api.w.org\/{rel}","templated":true}]}}