{"id":5962,"date":"2024-11-13T11:37:49","date_gmt":"2024-11-13T09:37:49","guid":{"rendered":"https:\/\/chorschule-frechen.de\/kinderchor\/"},"modified":"2025-01-25T12:50:10","modified_gmt":"2025-01-25T10:50:10","slug":"kinderchor","status":"publish","type":"page","link":"https:\/\/chorschule-frechen.de\/de\/kinderchor\/","title":{"rendered":"Kinderchor"},"content":{"rendered":"\t\t<div data-elementor-type=\"wp-page\" data-elementor-id=\"5962\" class=\"elementor elementor-5962 elementor-2377\" data-elementor-post-type=\"page\">\n\t\t\t\t<div class=\"elementor-element elementor-element-e565101 e-flex e-con-boxed e-con e-parent\" data-id=\"e565101\" data-element_type=\"container\" data-e-type=\"container\">\n\t\t\t\t\t<div class=\"e-con-inner\">\n\t\t<div class=\"elementor-element elementor-element-e6e1a8f e-con-full e-flex e-con e-child\" data-id=\"e6e1a8f\" data-element_type=\"container\" data-e-type=\"container\">\n\t\t\t\t<div class=\"elementor-element elementor-element-95ce092 elementor-widget elementor-widget-text-editor\" data-id=\"95ce092\" data-element_type=\"widget\" data-e-type=\"widget\" data-widget_type=\"text-editor.default\">\n\t\t\t\t<div class=\"elementor-widget-container\">\n\t\t\t\t\t\t\t\t\t<p>F\u00fcr jedes Kind gibt es f\u00fcr alles ein erstes Mal. Wenn ein Kind zu einer Chorprobe geht, taucht es in eine ihm bisher unbekannte Welt der Musik und der Chorkl\u00e4nge ein. Und es ist immer aufregend und spannend, etwas Neues zu lernen, \u00fcberrascht und erfreut zu werden.<\/p>\n<p>Die Chorproben sind lebendig und interessant und verlaufen auf eine spielerische Art und Weise, denn das Wichtigste f\u00fcr ein Kind ist die Motivation, es soll Spa\u00df daran haben. Die Kinder arbeiten im Team, lernen, gemeinsame L\u00f6sungen zu finden, sich gegenseitig zu unterst\u00fctzen und zu helfen.<\/p>\n<p><strong>Der Chor arbeitet im Genre des Kinderchortheaters.<\/strong><\/p>\n\t\t\t\t\t\t\t\t<\/div>\n\t\t\t\t<\/div>\n\t\t\t\t<\/div>\n\t\t<div class=\"elementor-element elementor-element-cfc99f7 e-con-full e-flex e-con e-child\" data-id=\"cfc99f7\" data-element_type=\"container\" data-e-type=\"container\">\n\t\t<div class=\"elementor-element elementor-element-2677e6f e-con-full e-flex e-con e-child\" data-id=\"2677e6f\" data-element_type=\"container\" data-e-type=\"container\">\n\t\t\t\t<div class=\"elementor-element elementor-element-9dab3ee wk-image-overlay elementor-widget elementor-widget-image\" data-id=\"9dab3ee\" data-element_type=\"widget\" data-e-type=\"widget\" data-widget_type=\"image.default\">\n\t\t\t\t<div class=\"elementor-widget-container\">\n\t\t\t\t\t\t\t\t\t\t\t\t\t\t\t\t<a href=\"https:\/\/chorschule-frechen.de\/wp-content\/uploads\/2024\/11\/20180108_131836-scaled.jpg\" data-elementor-open-lightbox=\"yes\" data-elementor-lightbox-title=\"\u0414\u0438\u0442\u044f\u0447\u0438\u0439 \u0445\u043e\u0440\" data-e-action-hash=\"#elementor-action%3Aaction%3Dlightbox%26settings%3DeyJpZCI6NTcwOSwidXJsIjoiaHR0cHM6XC9cL2Nob3JzY2h1bGUtZnJlY2hlbi5kZVwvd3AtY29udGVudFwvdXBsb2Fkc1wvMjAyNFwvMTFcLzIwMTgwMTA4XzEzMTgzNi1zY2FsZWQuanBnIn0%3D\">\n\t\t\t\t\t\t\t<img fetchpriority=\"high\" decoding=\"async\" width=\"800\" height=\"450\" src=\"https:\/\/chorschule-frechen.de\/wp-content\/uploads\/2024\/11\/20180108_131836-1024x576.jpg\" class=\"attachment-large size-large wp-image-5709\" alt=\"\" srcset=\"https:\/\/chorschule-frechen.de\/wp-content\/uploads\/2024\/11\/20180108_131836-1024x576.jpg 1024w, https:\/\/chorschule-frechen.de\/wp-content\/uploads\/2024\/11\/20180108_131836-300x169.jpg 300w, https:\/\/chorschule-frechen.de\/wp-content\/uploads\/2024\/11\/20180108_131836-768x432.jpg 768w, https:\/\/chorschule-frechen.de\/wp-content\/uploads\/2024\/11\/20180108_131836-1536x864.jpg 1536w, https:\/\/chorschule-frechen.de\/wp-content\/uploads\/2024\/11\/20180108_131836-2048x1152.jpg 2048w\" sizes=\"(max-width: 800px) 100vw, 800px\" \/>\t\t\t\t\t\t\t\t<\/a>\n\t\t\t\t\t\t\t\t\t\t\t\t\t\t\t<\/div>\n\t\t\t\t<\/div>\n\t\t\t\t<\/div>\n\t\t\t\t<\/div>\n\t\t\t\t\t<\/div>\n\t\t\t\t<\/div>\n\t\t<div class=\"elementor-element elementor-element-b8d01ed e-flex e-con-boxed e-con e-parent\" data-id=\"b8d01ed\" data-element_type=\"container\" data-e-type=\"container\">\n\t\t\t\t\t<div class=\"e-con-inner\">\n\t\t<div class=\"elementor-element elementor-element-f70b9db e-con-full e-flex e-con e-child\" data-id=\"f70b9db\" data-element_type=\"container\" data-e-type=\"container\">\n\t\t\t\t<div class=\"elementor-element elementor-element-dd9d512 elementor-widget elementor-widget-text-editor\" data-id=\"dd9d512\" data-element_type=\"widget\" data-e-type=\"widget\" data-widget_type=\"text-editor.default\">\n\t\t\t\t<div class=\"elementor-widget-container\">\n\t\t\t\t\t\t\t\t\t<p>Die Musikschule m\u00f6chte die Kinder umfassend f\u00f6rdern, indem sie ihnen ein allgemeines Wissen \u00fcber Musikstile und -richtungen sowie \u00fcber die Werke verschiedener Komponisten vermittelt. Gro\u00dfes Augenmerk wird auf die Gesangs- und Chortechnik, die Ausdrucksm\u00f6glichkeiten des K\u00f6rpers und die schauspielerischen F\u00e4higkeiten gelegt.<\/p>\n<p>Die Proben dauern zwei Stunden, einschlie\u00dflich einer Pause. Die erste Stunde ist der Musiktheorie und den Grundlagen der Gesangstechnik gewidmet. Die zweite Stunde dient der praktischen Arbeit an Chorst\u00fccken, choreografischen Elementen und der Plastizit\u00e4t der Bewegungen.<\/p>\n\t\t\t\t\t\t\t\t<\/div>\n\t\t\t\t<\/div>\n\t\t\t\t<div class=\"elementor-element elementor-element-821a324 elementor-widget elementor-widget-text-editor\" data-id=\"821a324\" data-element_type=\"widget\" data-e-type=\"widget\" data-widget_type=\"text-editor.default\">\n\t\t\t\t<div class=\"elementor-widget-container\">\n\t\t\t\t\t\t\t\t\t<p>Was Ihr Kind erwartet:<\/p>\n\t\t\t\t\t\t\t\t<\/div>\n\t\t\t\t<\/div>\n\t\t\t\t<div class=\"elementor-element elementor-element-9a33049 elementor-widget__width-initial elementor-icon-list--layout-traditional elementor-list-item-link-full_width elementor-widget elementor-widget-icon-list\" data-id=\"9a33049\" data-element_type=\"widget\" data-e-type=\"widget\" data-widget_type=\"icon-list.default\">\n\t\t\t\t<div class=\"elementor-widget-container\">\n\t\t\t\t\t\t\t<ul class=\"elementor-icon-list-items\">\n\t\t\t\t\t\t\t<li class=\"elementor-icon-list-item\">\n\t\t\t\t\t\t\t\t\t\t\t<span class=\"elementor-icon-list-icon\">\n\t\t\t\t\t\t\t<svg aria-hidden=\"true\" class=\"e-font-icon-svg e-fab-itunes-note\" viewBox=\"0 0 384 512\" xmlns=\"http:\/\/www.w3.org\/2000\/svg\"><path d=\"M381.9 388.2c-6.4 27.4-27.2 42.8-55.1 48-24.5 4.5-44.9 5.6-64.5-10.2-23.9-20.1-24.2-53.4-2.7-74.4 17-16.2 40.9-19.5 76.8-25.8 6-1.1 11.2-2.5 15.6-7.4 6.4-7.2 4.4-4.1 4.4-163.2 0-11.2-5.5-14.3-17-12.3-8.2 1.4-185.7 34.6-185.7 34.6-10.2 2.2-13.4 5.2-13.4 16.7 0 234.7 1.1 223.9-2.5 239.5-4.2 18.2-15.4 31.9-30.2 39.5-16.8 9.3-47.2 13.4-63.4 10.4-43.2-8.1-58.4-58-29.1-86.6 17-16.2 40.9-19.5 76.8-25.8 6-1.1 11.2-2.5 15.6-7.4 10.1-11.5 1.8-256.6 5.2-270.2.8-5.2 3-9.6 7.1-12.9 4.2-3.5 11.8-5.5 13.4-5.5 204-38.2 228.9-43.1 232.4-43.1 11.5-.8 18.1 6 18.1 17.6.2 344.5 1.1 326-1.8 338.5z\"><\/path><\/svg>\t\t\t\t\t\t<\/span>\n\t\t\t\t\t\t\t\t\t\t<span class=\"elementor-icon-list-text\">eine warme, freundliche und kreative Atmosph\u00e4re<\/span>\n\t\t\t\t\t\t\t\t\t<\/li>\n\t\t\t\t\t\t\t\t<li class=\"elementor-icon-list-item\">\n\t\t\t\t\t\t\t\t\t\t\t<span class=\"elementor-icon-list-icon\">\n\t\t\t\t\t\t\t<svg aria-hidden=\"true\" class=\"e-font-icon-svg e-fab-itunes-note\" viewBox=\"0 0 384 512\" xmlns=\"http:\/\/www.w3.org\/2000\/svg\"><path d=\"M381.9 388.2c-6.4 27.4-27.2 42.8-55.1 48-24.5 4.5-44.9 5.6-64.5-10.2-23.9-20.1-24.2-53.4-2.7-74.4 17-16.2 40.9-19.5 76.8-25.8 6-1.1 11.2-2.5 15.6-7.4 6.4-7.2 4.4-4.1 4.4-163.2 0-11.2-5.5-14.3-17-12.3-8.2 1.4-185.7 34.6-185.7 34.6-10.2 2.2-13.4 5.2-13.4 16.7 0 234.7 1.1 223.9-2.5 239.5-4.2 18.2-15.4 31.9-30.2 39.5-16.8 9.3-47.2 13.4-63.4 10.4-43.2-8.1-58.4-58-29.1-86.6 17-16.2 40.9-19.5 76.8-25.8 6-1.1 11.2-2.5 15.6-7.4 10.1-11.5 1.8-256.6 5.2-270.2.8-5.2 3-9.6 7.1-12.9 4.2-3.5 11.8-5.5 13.4-5.5 204-38.2 228.9-43.1 232.4-43.1 11.5-.8 18.1 6 18.1 17.6.2 344.5 1.1 326-1.8 338.5z\"><\/path><\/svg>\t\t\t\t\t\t<\/span>\n\t\t\t\t\t\t\t\t\t\t<span class=\"elementor-icon-list-text\">eine allgemeine Entwicklung des musikalischen Talents<\/span>\n\t\t\t\t\t\t\t\t\t<\/li>\n\t\t\t\t\t\t\t\t<li class=\"elementor-icon-list-item\">\n\t\t\t\t\t\t\t\t\t\t\t<span class=\"elementor-icon-list-icon\">\n\t\t\t\t\t\t\t<svg aria-hidden=\"true\" class=\"e-font-icon-svg e-fab-itunes-note\" viewBox=\"0 0 384 512\" xmlns=\"http:\/\/www.w3.org\/2000\/svg\"><path d=\"M381.9 388.2c-6.4 27.4-27.2 42.8-55.1 48-24.5 4.5-44.9 5.6-64.5-10.2-23.9-20.1-24.2-53.4-2.7-74.4 17-16.2 40.9-19.5 76.8-25.8 6-1.1 11.2-2.5 15.6-7.4 6.4-7.2 4.4-4.1 4.4-163.2 0-11.2-5.5-14.3-17-12.3-8.2 1.4-185.7 34.6-185.7 34.6-10.2 2.2-13.4 5.2-13.4 16.7 0 234.7 1.1 223.9-2.5 239.5-4.2 18.2-15.4 31.9-30.2 39.5-16.8 9.3-47.2 13.4-63.4 10.4-43.2-8.1-58.4-58-29.1-86.6 17-16.2 40.9-19.5 76.8-25.8 6-1.1 11.2-2.5 15.6-7.4 10.1-11.5 1.8-256.6 5.2-270.2.8-5.2 3-9.6 7.1-12.9 4.2-3.5 11.8-5.5 13.4-5.5 204-38.2 228.9-43.1 232.4-43.1 11.5-.8 18.1 6 18.1 17.6.2 344.5 1.1 326-1.8 338.5z\"><\/path><\/svg>\t\t\t\t\t\t<\/span>\n\t\t\t\t\t\t\t\t\t\t<span class=\"elementor-icon-list-text\">im Besonderen die Entwicklung von Stimme und Atmung<\/span>\n\t\t\t\t\t\t\t\t\t<\/li>\n\t\t\t\t\t\t\t\t<li class=\"elementor-icon-list-item\">\n\t\t\t\t\t\t\t\t\t\t\t<span class=\"elementor-icon-list-icon\">\n\t\t\t\t\t\t\t<svg aria-hidden=\"true\" class=\"e-font-icon-svg e-fab-itunes-note\" viewBox=\"0 0 384 512\" xmlns=\"http:\/\/www.w3.org\/2000\/svg\"><path d=\"M381.9 388.2c-6.4 27.4-27.2 42.8-55.1 48-24.5 4.5-44.9 5.6-64.5-10.2-23.9-20.1-24.2-53.4-2.7-74.4 17-16.2 40.9-19.5 76.8-25.8 6-1.1 11.2-2.5 15.6-7.4 6.4-7.2 4.4-4.1 4.4-163.2 0-11.2-5.5-14.3-17-12.3-8.2 1.4-185.7 34.6-185.7 34.6-10.2 2.2-13.4 5.2-13.4 16.7 0 234.7 1.1 223.9-2.5 239.5-4.2 18.2-15.4 31.9-30.2 39.5-16.8 9.3-47.2 13.4-63.4 10.4-43.2-8.1-58.4-58-29.1-86.6 17-16.2 40.9-19.5 76.8-25.8 6-1.1 11.2-2.5 15.6-7.4 10.1-11.5 1.8-256.6 5.2-270.2.8-5.2 3-9.6 7.1-12.9 4.2-3.5 11.8-5.5 13.4-5.5 204-38.2 228.9-43.1 232.4-43.1 11.5-.8 18.1 6 18.1 17.6.2 344.5 1.1 326-1.8 338.5z\"><\/path><\/svg>\t\t\t\t\t\t<\/span>\n\t\t\t\t\t\t\t\t\t\t<span class=\"elementor-icon-list-text\">Besch\u00e4ftigung mit verschiedenen Aspekten der B\u00fchnenpr\u00e4senz und Teilnahme an Konzerten<\/span>\n\t\t\t\t\t\t\t\t\t<\/li>\n\t\t\t\t\t\t<\/ul>\n\t\t\t\t\t\t<\/div>\n\t\t\t\t<\/div>\n\t\t\t\t<div class=\"elementor-element elementor-element-f17020b elementor-widget elementor-widget-text-editor\" data-id=\"f17020b\" data-element_type=\"widget\" data-e-type=\"widget\" data-widget_type=\"text-editor.default\">\n\t\t\t\t<div class=\"elementor-widget-container\">\n\t\t\t\t\t\t\t\t\t<p><span style=\"color: var( --e-global-color-text ); font-family: var( --e-global-typography-text-font-family ), Sans-serif; font-weight: var( --e-global-typography-text-font-weight ); text-align: var(--text-align);\">Auf jedes Kind wird individuell eingegangen, wobei seine Charaktereigenschaften, sein Lerntempo, sein musikalisches Talent und sein Ausbildungsstand Ber\u00fccksichtigung finden.<\/span><\/p>\n<p>Der Chor vereint Kinder im Alter von 7 bis 16 Jahren. Die j\u00fcngeren Kinder profitieren dabei von den \u00e4lteren, da sie auf deren Erfahrung zur\u00fcckgreifen k\u00f6nnen, und sie f\u00fcr sie ein Beispiel und eine Inspirationsquelle sind. Die Praxis zeigt, dass durch diese Durchmischung verschiedener Alters- und Erfahrungsstufen das Niveau des gesamten Chores steigt.<\/p>\n<p>Die Teilnahme an einem Konzert ist ein wichtiger Abschnitt in der Entwicklung eines Kindes. Die Schule organisiert gemeinsame Konzerte f\u00fcr die Kinder, bei denen sie B\u00fchnenerfahrung sammeln, (lernen, wie man sich auf der B\u00fchne w\u00e4hrend eines Konzerts verh\u00e4lt,) und bei denen sie die Kenntnisse und F\u00e4higkeiten festigen, die sie bei den Chorproben erworben haben.<\/p>\n<p>Eines der einzigartigen Projekte der Schule ist ein gemeinsames Jahreskonzert von Erwachsenen- und Kinderchor.<\/p>\n<p>F\u00fcr jedes Kind ist die Teilnahme an einem Konzert ein aufregendes und interessantes Ereignis. Eltern, die das Funkeln in den Augen ihres Kindes w\u00e4hrend der Konzertauff\u00fchrung sehen, freuen sich doppelt und sind \u00fcber alle Ma\u00dfen stolz.<\/p>\n<p>Der Chor hat seine eigenen Traditionen, und die wichtigen gemeinsamen Feste, die von der Schule organisiert werden, sind immer lustig und spannend. Hier finden die Kinder Freunde und entdecken gemeinsame Interessen, denn sie verbindet das gleiche Talent und die Liebe zum Chor und zur Musik.<\/p>\n<p><strong>Entwickeln Sie die Talente Ihres Kindes, bereichern Sie seine Welt, geben Sie ihm die M\u00f6glichkeit, k\u00fcnstlerisch aktiv zu sein.<\/strong><\/p>\n<p><strong>Wir laden Sie herzlich ein, sich unserem fr\u00f6hlichen, interessanten und freundlichen Chor anzuschlie\u00dfen!<\/strong><\/p>\n\t\t\t\t\t\t\t\t<\/div>\n\t\t\t\t<\/div>\n\t\t\t\t<\/div>\n\t\t\t\t\t<\/div>\n\t\t\t\t<\/div>\n\t\t\t\t<\/div>\n\t\t","protected":false},"excerpt":{"rendered":"<p>F\u00fcr jedes Kind gibt es f\u00fcr alles ein erstes Mal. Wenn ein Kind zu einer Chorprobe geht, taucht es in eine ihm bisher unbekannte Welt der Musik und der Chorkl\u00e4nge ein. Und es ist immer aufregend und spannend, etwas Neues zu lernen, \u00fcberrascht und erfreut zu werden. Die Chorproben sind lebendig und interessant und verlaufen [&hellip;]<\/p>\n","protected":false},"author":2,"featured_media":5677,"parent":0,"menu_order":0,"comment_status":"closed","ping_status":"closed","template":"","meta":{"footnotes":""},"class_list":["post-5962","page","type-page","status-publish","has-post-thumbnail","hentry"],"yoast_head":"<!-- This site is optimized with the Yoast SEO plugin v27.3 - https:\/\/yoast.com\/product\/yoast-seo-wordpress\/ -->\n<title>Kinderchor - \u0412\u043e\u043a\u0430\u043b\u044c\u043d\u043e-\u0445\u043e\u0440\u043e\u0432\u0430 \u0448\u043a\u043e\u043b\u0430 \u041e\u043a\u0441\u0430\u043d\u0438 \u0414\u043e\u043d\u0434\u0438\u043a<\/title>\n<meta name=\"description\" content=\"Der Chor vereint Kinder im Alter von 7 bis 16 Jahren. Die Chorprobe dauert zwei Stunden. Auf jedes Kind wird individuell eingegangen.\" \/>\n<meta name=\"robots\" content=\"index, follow, max-snippet:-1, max-image-preview:large, max-video-preview:-1\" \/>\n<link rel=\"canonical\" href=\"https:\/\/chorschule-frechen.de\/de\/kinderchor\/\" \/>\n<meta property=\"og:locale\" content=\"de_DE\" \/>\n<meta property=\"og:type\" content=\"article\" \/>\n<meta property=\"og:title\" content=\"Kinderchor - \u0412\u043e\u043a\u0430\u043b\u044c\u043d\u043e-\u0445\u043e\u0440\u043e\u0432\u0430 \u0448\u043a\u043e\u043b\u0430 \u041e\u043a\u0441\u0430\u043d\u0438 \u0414\u043e\u043d\u0434\u0438\u043a\" \/>\n<meta property=\"og:description\" content=\"Der Chor vereint Kinder im Alter von 7 bis 16 Jahren. Die Chorprobe dauert zwei Stunden. Auf jedes Kind wird individuell eingegangen.\" \/>\n<meta property=\"og:url\" content=\"https:\/\/chorschule-frechen.de\/de\/kinderchor\/\" \/>\n<meta property=\"og:site_name\" content=\"\u0412\u043e\u043a\u0430\u043b\u044c\u043d\u043e-\u0445\u043e\u0440\u043e\u0432\u0430 \u0448\u043a\u043e\u043b\u0430 \u041e\u043a\u0441\u0430\u043d\u0438 \u0414\u043e\u043d\u0434\u0438\u043a\" \/>\n<meta property=\"article:modified_time\" content=\"2025-01-25T10:50:10+00:00\" \/>\n<meta property=\"og:image\" content=\"https:\/\/chorschule-frechen.de\/wp-content\/uploads\/2024\/11\/children.jpg\" \/>\n\t<meta property=\"og:image:width\" content=\"1200\" \/>\n\t<meta property=\"og:image:height\" content=\"1200\" \/>\n\t<meta property=\"og:image:type\" content=\"image\/jpeg\" \/>\n<meta name=\"twitter:card\" content=\"summary_large_image\" \/>\n<meta name=\"twitter:label1\" content=\"Gesch\u00e4tzte Lesezeit\" \/>\n\t<meta name=\"twitter:data1\" content=\"2\u00a0Minuten\" \/>\n<script type=\"application\/ld+json\" class=\"yoast-schema-graph\">{\"@context\":\"https:\\\/\\\/schema.org\",\"@graph\":[{\"@type\":\"WebPage\",\"@id\":\"https:\\\/\\\/chorschule-frechen.de\\\/de\\\/kinderchor\\\/\",\"url\":\"https:\\\/\\\/chorschule-frechen.de\\\/de\\\/kinderchor\\\/\",\"name\":\"Kinderchor - \u0412\u043e\u043a\u0430\u043b\u044c\u043d\u043e-\u0445\u043e\u0440\u043e\u0432\u0430 \u0448\u043a\u043e\u043b\u0430 \u041e\u043a\u0441\u0430\u043d\u0438 \u0414\u043e\u043d\u0434\u0438\u043a\",\"isPartOf\":{\"@id\":\"https:\\\/\\\/chorschule-frechen.de\\\/de\\\/#website\"},\"primaryImageOfPage\":{\"@id\":\"https:\\\/\\\/chorschule-frechen.de\\\/de\\\/kinderchor\\\/#primaryimage\"},\"image\":{\"@id\":\"https:\\\/\\\/chorschule-frechen.de\\\/de\\\/kinderchor\\\/#primaryimage\"},\"thumbnailUrl\":\"https:\\\/\\\/chorschule-frechen.de\\\/wp-content\\\/uploads\\\/2024\\\/11\\\/children.jpg\",\"datePublished\":\"2024-11-13T09:37:49+00:00\",\"dateModified\":\"2025-01-25T10:50:10+00:00\",\"description\":\"Der Chor vereint Kinder im Alter von 7 bis 16 Jahren. Die Chorprobe dauert zwei Stunden. Auf jedes Kind wird individuell eingegangen.\",\"breadcrumb\":{\"@id\":\"https:\\\/\\\/chorschule-frechen.de\\\/de\\\/kinderchor\\\/#breadcrumb\"},\"inLanguage\":\"de\",\"potentialAction\":[{\"@type\":\"ReadAction\",\"target\":[\"https:\\\/\\\/chorschule-frechen.de\\\/de\\\/kinderchor\\\/\"]}]},{\"@type\":\"ImageObject\",\"inLanguage\":\"de\",\"@id\":\"https:\\\/\\\/chorschule-frechen.de\\\/de\\\/kinderchor\\\/#primaryimage\",\"url\":\"https:\\\/\\\/chorschule-frechen.de\\\/wp-content\\\/uploads\\\/2024\\\/11\\\/children.jpg\",\"contentUrl\":\"https:\\\/\\\/chorschule-frechen.de\\\/wp-content\\\/uploads\\\/2024\\\/11\\\/children.jpg\",\"width\":1200,\"height\":1200,\"caption\":\"\u0414\u0438\u0442\u044f\u0447\u0438\u0439 \u0445\u043e\u0440\"},{\"@type\":\"BreadcrumbList\",\"@id\":\"https:\\\/\\\/chorschule-frechen.de\\\/de\\\/kinderchor\\\/#breadcrumb\",\"itemListElement\":[{\"@type\":\"ListItem\",\"position\":1,\"name\":\"\u0413\u043e\u043b\u043e\u0432\u043d\u0430\",\"item\":\"https:\\\/\\\/chorschule-frechen.de\\\/de\\\/hauptseite\\\/\"},{\"@type\":\"ListItem\",\"position\":2,\"name\":\"Kinderchor\"}]},{\"@type\":\"WebSite\",\"@id\":\"https:\\\/\\\/chorschule-frechen.de\\\/de\\\/#website\",\"url\":\"https:\\\/\\\/chorschule-frechen.de\\\/de\\\/\",\"name\":\"\u0412\u043e\u043a\u0430\u043b\u044c\u043d\u043e-\u0445\u043e\u0440\u043e\u0432\u0430 \u0448\u043a\u043e\u043b\u0430 \u041e\u043a\u0441\u0430\u043d\u0438 \u0414\u043e\u043d\u0434\u0438\u043a\",\"description\":\"\u0412\u043e\u043a\u0430\u043b\u044c\u043d\u043e-\u0445\u043e\u0440\u043e\u0432\u0430 \u0448\u043a\u043e\u043b\u0430 \u041e\u043a\u0441\u0430\u043d\u0438 \u0414\u043e\u043d\u0434\u0438\u043a\",\"publisher\":{\"@id\":\"https:\\\/\\\/chorschule-frechen.de\\\/de\\\/#organization\"},\"potentialAction\":[{\"@type\":\"SearchAction\",\"target\":{\"@type\":\"EntryPoint\",\"urlTemplate\":\"https:\\\/\\\/chorschule-frechen.de\\\/de\\\/?s={search_term_string}\"},\"query-input\":{\"@type\":\"PropertyValueSpecification\",\"valueRequired\":true,\"valueName\":\"search_term_string\"}}],\"inLanguage\":\"de\"},{\"@type\":\"Organization\",\"@id\":\"https:\\\/\\\/chorschule-frechen.de\\\/de\\\/#organization\",\"name\":\"\u0412\u043e\u043a\u0430\u043b\u044c\u043d\u043e-\u0445\u043e\u0440\u043e\u0432\u0430 \u0448\u043a\u043e\u043b\u0430 \u041e\u043a\u0441\u0430\u043d\u0438 \u0414\u043e\u043d\u0434\u0438\u043a\",\"url\":\"https:\\\/\\\/chorschule-frechen.de\\\/de\\\/\",\"logo\":{\"@type\":\"ImageObject\",\"inLanguage\":\"de\",\"@id\":\"https:\\\/\\\/chorschule-frechen.de\\\/de\\\/#\\\/schema\\\/logo\\\/image\\\/\",\"url\":\"https:\\\/\\\/chorschule-frechen.de\\\/wp-content\\\/uploads\\\/2024\\\/09\\\/\u041c\u043e\u043d\u0442\u0430\u0436\u043d\u0430\u044f-\u043e\u0431\u043b\u0430\u0441\u0442\u044c-1-e1727349916239.png\",\"contentUrl\":\"https:\\\/\\\/chorschule-frechen.de\\\/wp-content\\\/uploads\\\/2024\\\/09\\\/\u041c\u043e\u043d\u0442\u0430\u0436\u043d\u0430\u044f-\u043e\u0431\u043b\u0430\u0441\u0442\u044c-1-e1727349916239.png\",\"width\":597,\"height\":502,\"caption\":\"\u0412\u043e\u043a\u0430\u043b\u044c\u043d\u043e-\u0445\u043e\u0440\u043e\u0432\u0430 \u0448\u043a\u043e\u043b\u0430 \u041e\u043a\u0441\u0430\u043d\u0438 \u0414\u043e\u043d\u0434\u0438\u043a\"},\"image\":{\"@id\":\"https:\\\/\\\/chorschule-frechen.de\\\/de\\\/#\\\/schema\\\/logo\\\/image\\\/\"}}]}<\/script>\n<!-- \/ Yoast SEO plugin. -->","yoast_head_json":{"title":"Kinderchor - \u0412\u043e\u043a\u0430\u043b\u044c\u043d\u043e-\u0445\u043e\u0440\u043e\u0432\u0430 \u0448\u043a\u043e\u043b\u0430 \u041e\u043a\u0441\u0430\u043d\u0438 \u0414\u043e\u043d\u0434\u0438\u043a","description":"Der Chor vereint Kinder im Alter von 7 bis 16 Jahren. Die Chorprobe dauert zwei Stunden. Auf jedes Kind wird individuell eingegangen.","robots":{"index":"index","follow":"follow","max-snippet":"max-snippet:-1","max-image-preview":"max-image-preview:large","max-video-preview":"max-video-preview:-1"},"canonical":"https:\/\/chorschule-frechen.de\/de\/kinderchor\/","og_locale":"de_DE","og_type":"article","og_title":"Kinderchor - \u0412\u043e\u043a\u0430\u043b\u044c\u043d\u043e-\u0445\u043e\u0440\u043e\u0432\u0430 \u0448\u043a\u043e\u043b\u0430 \u041e\u043a\u0441\u0430\u043d\u0438 \u0414\u043e\u043d\u0434\u0438\u043a","og_description":"Der Chor vereint Kinder im Alter von 7 bis 16 Jahren. Die Chorprobe dauert zwei Stunden. Auf jedes Kind wird individuell eingegangen.","og_url":"https:\/\/chorschule-frechen.de\/de\/kinderchor\/","og_site_name":"\u0412\u043e\u043a\u0430\u043b\u044c\u043d\u043e-\u0445\u043e\u0440\u043e\u0432\u0430 \u0448\u043a\u043e\u043b\u0430 \u041e\u043a\u0441\u0430\u043d\u0438 \u0414\u043e\u043d\u0434\u0438\u043a","article_modified_time":"2025-01-25T10:50:10+00:00","og_image":[{"width":1200,"height":1200,"url":"https:\/\/chorschule-frechen.de\/wp-content\/uploads\/2024\/11\/children.jpg","type":"image\/jpeg"}],"twitter_card":"summary_large_image","twitter_misc":{"Gesch\u00e4tzte Lesezeit":"2\u00a0Minuten"},"schema":{"@context":"https:\/\/schema.org","@graph":[{"@type":"WebPage","@id":"https:\/\/chorschule-frechen.de\/de\/kinderchor\/","url":"https:\/\/chorschule-frechen.de\/de\/kinderchor\/","name":"Kinderchor - \u0412\u043e\u043a\u0430\u043b\u044c\u043d\u043e-\u0445\u043e\u0440\u043e\u0432\u0430 \u0448\u043a\u043e\u043b\u0430 \u041e\u043a\u0441\u0430\u043d\u0438 \u0414\u043e\u043d\u0434\u0438\u043a","isPartOf":{"@id":"https:\/\/chorschule-frechen.de\/de\/#website"},"primaryImageOfPage":{"@id":"https:\/\/chorschule-frechen.de\/de\/kinderchor\/#primaryimage"},"image":{"@id":"https:\/\/chorschule-frechen.de\/de\/kinderchor\/#primaryimage"},"thumbnailUrl":"https:\/\/chorschule-frechen.de\/wp-content\/uploads\/2024\/11\/children.jpg","datePublished":"2024-11-13T09:37:49+00:00","dateModified":"2025-01-25T10:50:10+00:00","description":"Der Chor vereint Kinder im Alter von 7 bis 16 Jahren. Die Chorprobe dauert zwei Stunden. Auf jedes Kind wird individuell eingegangen.","breadcrumb":{"@id":"https:\/\/chorschule-frechen.de\/de\/kinderchor\/#breadcrumb"},"inLanguage":"de","potentialAction":[{"@type":"ReadAction","target":["https:\/\/chorschule-frechen.de\/de\/kinderchor\/"]}]},{"@type":"ImageObject","inLanguage":"de","@id":"https:\/\/chorschule-frechen.de\/de\/kinderchor\/#primaryimage","url":"https:\/\/chorschule-frechen.de\/wp-content\/uploads\/2024\/11\/children.jpg","contentUrl":"https:\/\/chorschule-frechen.de\/wp-content\/uploads\/2024\/11\/children.jpg","width":1200,"height":1200,"caption":"\u0414\u0438\u0442\u044f\u0447\u0438\u0439 \u0445\u043e\u0440"},{"@type":"BreadcrumbList","@id":"https:\/\/chorschule-frechen.de\/de\/kinderchor\/#breadcrumb","itemListElement":[{"@type":"ListItem","position":1,"name":"\u0413\u043e\u043b\u043e\u0432\u043d\u0430","item":"https:\/\/chorschule-frechen.de\/de\/hauptseite\/"},{"@type":"ListItem","position":2,"name":"Kinderchor"}]},{"@type":"WebSite","@id":"https:\/\/chorschule-frechen.de\/de\/#website","url":"https:\/\/chorschule-frechen.de\/de\/","name":"\u0412\u043e\u043a\u0430\u043b\u044c\u043d\u043e-\u0445\u043e\u0440\u043e\u0432\u0430 \u0448\u043a\u043e\u043b\u0430 \u041e\u043a\u0441\u0430\u043d\u0438 \u0414\u043e\u043d\u0434\u0438\u043a","description":"\u0412\u043e\u043a\u0430\u043b\u044c\u043d\u043e-\u0445\u043e\u0440\u043e\u0432\u0430 \u0448\u043a\u043e\u043b\u0430 \u041e\u043a\u0441\u0430\u043d\u0438 \u0414\u043e\u043d\u0434\u0438\u043a","publisher":{"@id":"https:\/\/chorschule-frechen.de\/de\/#organization"},"potentialAction":[{"@type":"SearchAction","target":{"@type":"EntryPoint","urlTemplate":"https:\/\/chorschule-frechen.de\/de\/?s={search_term_string}"},"query-input":{"@type":"PropertyValueSpecification","valueRequired":true,"valueName":"search_term_string"}}],"inLanguage":"de"},{"@type":"Organization","@id":"https:\/\/chorschule-frechen.de\/de\/#organization","name":"\u0412\u043e\u043a\u0430\u043b\u044c\u043d\u043e-\u0445\u043e\u0440\u043e\u0432\u0430 \u0448\u043a\u043e\u043b\u0430 \u041e\u043a\u0441\u0430\u043d\u0438 \u0414\u043e\u043d\u0434\u0438\u043a","url":"https:\/\/chorschule-frechen.de\/de\/","logo":{"@type":"ImageObject","inLanguage":"de","@id":"https:\/\/chorschule-frechen.de\/de\/#\/schema\/logo\/image\/","url":"https:\/\/chorschule-frechen.de\/wp-content\/uploads\/2024\/09\/\u041c\u043e\u043d\u0442\u0430\u0436\u043d\u0430\u044f-\u043e\u0431\u043b\u0430\u0441\u0442\u044c-1-e1727349916239.png","contentUrl":"https:\/\/chorschule-frechen.de\/wp-content\/uploads\/2024\/09\/\u041c\u043e\u043d\u0442\u0430\u0436\u043d\u0430\u044f-\u043e\u0431\u043b\u0430\u0441\u0442\u044c-1-e1727349916239.png","width":597,"height":502,"caption":"\u0412\u043e\u043a\u0430\u043b\u044c\u043d\u043e-\u0445\u043e\u0440\u043e\u0432\u0430 \u0448\u043a\u043e\u043b\u0430 \u041e\u043a\u0441\u0430\u043d\u0438 \u0414\u043e\u043d\u0434\u0438\u043a"},"image":{"@id":"https:\/\/chorschule-frechen.de\/de\/#\/schema\/logo\/image\/"}}]}},"_links":{"self":[{"href":"https:\/\/chorschule-frechen.de\/de\/wp-json\/wp\/v2\/pages\/5962","targetHints":{"allow":["GET"]}}],"collection":[{"href":"https:\/\/chorschule-frechen.de\/de\/wp-json\/wp\/v2\/pages"}],"about":[{"href":"https:\/\/chorschule-frechen.de\/de\/wp-json\/wp\/v2\/types\/page"}],"author":[{"embeddable":true,"href":"https:\/\/chorschule-frechen.de\/de\/wp-json\/wp\/v2\/users\/2"}],"replies":[{"embeddable":true,"href":"https:\/\/chorschule-frechen.de\/de\/wp-json\/wp\/v2\/comments?post=5962"}],"version-history":[{"count":6,"href":"https:\/\/chorschule-frechen.de\/de\/wp-json\/wp\/v2\/pages\/5962\/revisions"}],"predecessor-version":[{"id":6587,"href":"https:\/\/chorschule-frechen.de\/de\/wp-json\/wp\/v2\/pages\/5962\/revisions\/6587"}],"wp:featuredmedia":[{"embeddable":true,"href":"https:\/\/chorschule-frechen.de\/de\/wp-json\/wp\/v2\/media\/5677"}],"wp:attachment":[{"href":"https:\/\/chorschule-frechen.de\/de\/wp-json\/wp\/v2\/media?parent=5962"}],"curies":[{"name":"wp","href":"https:\/\/api.w.org\/{rel}","templated":true}]}}