{"id":5960,"date":"2024-11-13T11:30:06","date_gmt":"2024-11-13T09:30:06","guid":{"rendered":"https:\/\/chorschule-frechen.de\/erwachsenenchor\/"},"modified":"2025-10-18T18:44:00","modified_gmt":"2025-10-18T15:44:00","slug":"erwachsenenchor","status":"publish","type":"page","link":"https:\/\/chorschule-frechen.de\/de\/erwachsenenchor\/","title":{"rendered":"Erwachsenenchor"},"content":{"rendered":"\t\t<div data-elementor-type=\"wp-page\" data-elementor-id=\"5960\" class=\"elementor elementor-5960 elementor-2370\" data-elementor-post-type=\"page\">\n\t\t\t\t<div class=\"elementor-element elementor-element-128f40c e-flex e-con-boxed e-con e-parent\" data-id=\"128f40c\" data-element_type=\"container\" data-e-type=\"container\">\n\t\t\t\t\t<div class=\"e-con-inner\">\n\t\t<div class=\"elementor-element elementor-element-7382338 e-con-full e-flex e-con e-child\" data-id=\"7382338\" data-element_type=\"container\" data-e-type=\"container\">\n\t\t\t\t<div class=\"elementor-element elementor-element-987989f elementor-widget elementor-widget-text-editor\" data-id=\"987989f\" data-element_type=\"widget\" data-e-type=\"widget\" data-widget_type=\"text-editor.default\">\n\t\t\t\t<div class=\"elementor-widget-container\">\n\t\t\t\t\t\t\t\t\t<p>Der Erwachsenenchor wurde wie die Schule im November 2024 gegr\u00fcndet. Es handelt sich um eine gemischte Gruppe von haupts\u00e4chlich Amateurs\u00e4ngerinnen und -s\u00e4ngern, die als Hobby ihre musikalische Erfahrung bereichern, ihrem Alltag Farbe verleihen und ihn mit positiven Ereignissen und positiven Emotionen f\u00fcllen wollen.<\/p><p>Der Chor f\u00fchrt ein aktives kreatives Leben, das aus Konzerten, Meisterkursen, \u00fcberregionalen Chorauftritten, Wettbewerben und Festivals besteht.<\/p><p>Der Schwerpunkt des Erwachsenenchors liegt auf der Auff\u00fchrung klassischer Chormusik aus Oratorien, Messen, Kantaten und Opern, aber auch auf der Auff\u00fchrung von Musik zeitgen\u00f6ssischer Komponisten.<\/p><p>Die w\u00f6chentlichen Proben finden in einer freundlichen und kreativen Atmosph\u00e4re statt, in der die S\u00e4ngerinnen und S\u00e4nger zusammen mit dem Chorleitenden Werke gro\u00dfer Klassiker wie Bach, Mozart, Verdi, Rossini und Puccini einstudieren.<\/p>\t\t\t\t\t\t\t\t<\/div>\n\t\t\t\t<\/div>\n\t\t\t\t<\/div>\n\t\t<div class=\"elementor-element elementor-element-89537ec e-con-full e-flex e-con e-child\" data-id=\"89537ec\" data-element_type=\"container\" data-e-type=\"container\">\n\t\t<div class=\"elementor-element elementor-element-89370b3 e-con-full e-flex e-con e-child\" data-id=\"89370b3\" data-element_type=\"container\" data-e-type=\"container\">\n\t\t\t\t<div class=\"elementor-element elementor-element-0d30e81 wk-image-overlay elementor-widget elementor-widget-image\" data-id=\"0d30e81\" data-element_type=\"widget\" data-e-type=\"widget\" data-widget_type=\"image.default\">\n\t\t\t\t<div class=\"elementor-widget-container\">\n\t\t\t\t\t\t\t\t\t\t\t\t\t\t\t\t<a href=\"https:\/\/chorschule-frechen.de\/wp-content\/uploads\/2024\/11\/img_20241119_144355_567.jpg\" data-elementor-open-lightbox=\"yes\" data-elementor-lightbox-title=\"Erwachsenenchor\" data-elementor-lightbox-description=\"Chorproben: Dienstags von 193:0 bis 21:30\" data-e-action-hash=\"#elementor-action%3Aaction%3Dlightbox%26settings%3DeyJpZCI6NTcxMSwidXJsIjoiaHR0cHM6XC9cL2Nob3JzY2h1bGUtZnJlY2hlbi5kZVwvd3AtY29udGVudFwvdXBsb2Fkc1wvMjAyNFwvMTFcL2ltZ18yMDI0MTExOV8xNDQzNTVfNTY3LmpwZyJ9\">\n\t\t\t\t\t\t\t<img fetchpriority=\"high\" decoding=\"async\" width=\"768\" height=\"1024\" src=\"https:\/\/chorschule-frechen.de\/wp-content\/uploads\/2024\/11\/img_20241119_144355_567-768x1024.jpg\" class=\"attachment-large size-large wp-image-5711\" alt=\"Erwachsenenchor\" srcset=\"https:\/\/chorschule-frechen.de\/wp-content\/uploads\/2024\/11\/img_20241119_144355_567-768x1024.jpg 768w, https:\/\/chorschule-frechen.de\/wp-content\/uploads\/2024\/11\/img_20241119_144355_567-225x300.jpg 225w, https:\/\/chorschule-frechen.de\/wp-content\/uploads\/2024\/11\/img_20241119_144355_567-1152x1536.jpg 1152w, https:\/\/chorschule-frechen.de\/wp-content\/uploads\/2024\/11\/img_20241119_144355_567.jpg 1200w\" sizes=\"(max-width: 768px) 100vw, 768px\" \/>\t\t\t\t\t\t\t\t<\/a>\n\t\t\t\t\t\t\t\t\t\t\t\t\t\t\t<\/div>\n\t\t\t\t<\/div>\n\t\t\t\t<\/div>\n\t\t\t\t<\/div>\n\t\t\t\t\t<\/div>\n\t\t\t\t<\/div>\n\t\t<div class=\"elementor-element elementor-element-adab365 e-flex e-con-boxed e-con e-parent\" data-id=\"adab365\" data-element_type=\"container\" data-e-type=\"container\">\n\t\t\t\t\t<div class=\"e-con-inner\">\n\t\t<div class=\"elementor-element elementor-element-02f39ab e-con-full e-flex e-con e-child\" data-id=\"02f39ab\" data-element_type=\"container\" data-e-type=\"container\">\n\t\t\t\t<div class=\"elementor-element elementor-element-4d1f31c elementor-widget elementor-widget-text-editor\" data-id=\"4d1f31c\" data-element_type=\"widget\" data-e-type=\"widget\" data-widget_type=\"text-editor.default\">\n\t\t\t\t<div class=\"elementor-widget-container\">\n\t\t\t\t\t\t\t\t\t<p>Der Chor ist auch eine kreative Werkstatt f\u00fcr die Dirigat-Sch\u00fcler und Sch\u00fclerinnen der Schule. Durch solche Erfahrungen steigt das professionelle Niveau des Chores, denn nicht nur die Dirigentensch\u00fcler lernen dabei, sondern auch der Chor. W\u00e4hrend dieser intensiven Proben findet ein gemeinsamer kreativer Dialog zwischen Dirigent und Chor statt. Der Chor fungiert als Lehrer und hilft dem jungen Dirigenten auf jede erdenkliche Weise, ein Gef\u00fchl f\u00fcr ein so einzigartiges Musikinstrument wie einen Chor zu entwickeln und dieses Instrument zu beherrschen.<span style=\"color: var( --e-global-color-text ); font-family: var( --e-global-typography-text-font-family ), Sans-serif; font-weight: var( --e-global-typography-text-font-weight ); text-align: var(--text-align);\"><br><\/span><\/p><p><span style=\"color: var( --e-global-color-text ); font-family: var( --e-global-typography-text-font-family ), Sans-serif; font-weight: var( --e-global-typography-text-font-weight ); text-align: var(--text-align);\">Der Chor hat seine eigenen Traditionen, die einen wichtigen Teil seiner Aktivit\u00e4ten bilden. F\u00fcr die S\u00e4ngerinnen und S\u00e4nger ist der Chor idealer Weise eine Art kreative Familie, in der sie ihr Potenzial entfalten und ihr Talent entwickeln k\u00f6nnen und auch Unterst\u00fctzung und Motivation erhalten.<\/span><\/p><p style=\"margin-bottom: 0px;\">Jedes Chormitglied kann dar\u00fcber hinaus, falls gew\u00fcnscht, Gesangstechniken beherrschen und das Dirigieren lernen.<\/p><p>Ein weiteres Projekt f\u00fcr den Chor ist die Zusammenarbeit mit dem Kinderchor der Schule. Dies ist eine sehr wichtige Aufgabe, um Kinder an klassische Musik heranzuf\u00fchren und ihnen die Liebe zum Chorgesang zu vermitteln.<\/p><p>Der Chor probt dienstags von 19:30 bis 21:30 Uhr<\/p><p><strong>Wir freuen uns auf Sie!<\/strong><\/p><p><strong>Wir laden Sie herzlich ein, Teil unserer kreativen Familie zu werden. Bereichern Sie Ihr Leben mit positiven Emotionen und intensiven Erfahrungen!<\/strong><\/p>\t\t\t\t\t\t\t\t<\/div>\n\t\t\t\t<\/div>\n\t\t\t\t<\/div>\n\t\t\t\t\t<\/div>\n\t\t\t\t<\/div>\n\t\t\t\t<\/div>\n\t\t","protected":false},"excerpt":{"rendered":"<p>Der Erwachsenenchor wurde wie die Schule im November 2024 gegr\u00fcndet. Es handelt sich um eine gemischte Gruppe von haupts\u00e4chlich Amateurs\u00e4ngerinnen und -s\u00e4ngern, die als Hobby ihre musikalische Erfahrung bereichern, ihrem Alltag Farbe verleihen und ihn mit positiven Ereignissen und positiven Emotionen f\u00fcllen wollen. Der Chor f\u00fchrt ein aktives kreatives Leben, das aus Konzerten, Meisterkursen, \u00fcberregionalen [&hellip;]<\/p>\n","protected":false},"author":2,"featured_media":5726,"parent":0,"menu_order":0,"comment_status":"closed","ping_status":"closed","template":"","meta":{"footnotes":""},"class_list":["post-5960","page","type-page","status-publish","has-post-thumbnail","hentry"],"yoast_head":"<!-- This site is optimized with the Yoast SEO plugin v27.3 - https:\/\/yoast.com\/product\/yoast-seo-wordpress\/ -->\n<title>Erwachsenenchor - \u0412\u043e\u043a\u0430\u043b\u044c\u043d\u043e-\u0445\u043e\u0440\u043e\u0432\u0430 \u0448\u043a\u043e\u043b\u0430 \u041e\u043a\u0441\u0430\u043d\u0438 \u0414\u043e\u043d\u0434\u0438\u043a<\/title>\n<meta name=\"description\" content=\"Der Erwachsenenchor der Gesangs- und Chorschule Oksana Dondyk l\u00e4dt Sie jeden Dienstag um 19:30 Uhr in Frechen zur Probe ein.\" \/>\n<meta name=\"robots\" content=\"index, follow, max-snippet:-1, max-image-preview:large, max-video-preview:-1\" \/>\n<link rel=\"canonical\" href=\"https:\/\/chorschule-frechen.de\/de\/erwachsenenchor\/\" \/>\n<meta property=\"og:locale\" content=\"de_DE\" \/>\n<meta property=\"og:type\" content=\"article\" \/>\n<meta property=\"og:title\" content=\"Erwachsenenchor - \u0412\u043e\u043a\u0430\u043b\u044c\u043d\u043e-\u0445\u043e\u0440\u043e\u0432\u0430 \u0448\u043a\u043e\u043b\u0430 \u041e\u043a\u0441\u0430\u043d\u0438 \u0414\u043e\u043d\u0434\u0438\u043a\" \/>\n<meta property=\"og:description\" content=\"Der Erwachsenenchor der Gesangs- und Chorschule Oksana Dondyk l\u00e4dt Sie jeden Dienstag um 19:30 Uhr in Frechen zur Probe ein.\" \/>\n<meta property=\"og:url\" content=\"https:\/\/chorschule-frechen.de\/de\/erwachsenenchor\/\" \/>\n<meta property=\"og:site_name\" content=\"\u0412\u043e\u043a\u0430\u043b\u044c\u043d\u043e-\u0445\u043e\u0440\u043e\u0432\u0430 \u0448\u043a\u043e\u043b\u0430 \u041e\u043a\u0441\u0430\u043d\u0438 \u0414\u043e\u043d\u0434\u0438\u043a\" \/>\n<meta property=\"article:modified_time\" content=\"2025-10-18T15:44:00+00:00\" \/>\n<meta property=\"og:image\" content=\"https:\/\/chorschule-frechen.de\/wp-content\/uploads\/2024\/12\/dorosly-hor1.jpg\" \/>\n\t<meta property=\"og:image:width\" content=\"1200\" \/>\n\t<meta property=\"og:image:height\" content=\"1200\" \/>\n\t<meta property=\"og:image:type\" content=\"image\/jpeg\" \/>\n<meta name=\"twitter:card\" content=\"summary_large_image\" \/>\n<meta name=\"twitter:label1\" content=\"Gesch\u00e4tzte Lesezeit\" \/>\n\t<meta name=\"twitter:data1\" content=\"2\u00a0Minuten\" \/>\n<script type=\"application\/ld+json\" class=\"yoast-schema-graph\">{\"@context\":\"https:\\\/\\\/schema.org\",\"@graph\":[{\"@type\":\"WebPage\",\"@id\":\"https:\\\/\\\/chorschule-frechen.de\\\/de\\\/erwachsenenchor\\\/\",\"url\":\"https:\\\/\\\/chorschule-frechen.de\\\/de\\\/erwachsenenchor\\\/\",\"name\":\"Erwachsenenchor - \u0412\u043e\u043a\u0430\u043b\u044c\u043d\u043e-\u0445\u043e\u0440\u043e\u0432\u0430 \u0448\u043a\u043e\u043b\u0430 \u041e\u043a\u0441\u0430\u043d\u0438 \u0414\u043e\u043d\u0434\u0438\u043a\",\"isPartOf\":{\"@id\":\"https:\\\/\\\/chorschule-frechen.de\\\/de\\\/#website\"},\"primaryImageOfPage\":{\"@id\":\"https:\\\/\\\/chorschule-frechen.de\\\/de\\\/erwachsenenchor\\\/#primaryimage\"},\"image\":{\"@id\":\"https:\\\/\\\/chorschule-frechen.de\\\/de\\\/erwachsenenchor\\\/#primaryimage\"},\"thumbnailUrl\":\"https:\\\/\\\/chorschule-frechen.de\\\/wp-content\\\/uploads\\\/2024\\\/12\\\/dorosly-hor1.jpg\",\"datePublished\":\"2024-11-13T09:30:06+00:00\",\"dateModified\":\"2025-10-18T15:44:00+00:00\",\"description\":\"Der Erwachsenenchor der Gesangs- und Chorschule Oksana Dondyk l\u00e4dt Sie jeden Dienstag um 19:30 Uhr in Frechen zur Probe ein.\",\"breadcrumb\":{\"@id\":\"https:\\\/\\\/chorschule-frechen.de\\\/de\\\/erwachsenenchor\\\/#breadcrumb\"},\"inLanguage\":\"de\",\"potentialAction\":[{\"@type\":\"ReadAction\",\"target\":[\"https:\\\/\\\/chorschule-frechen.de\\\/de\\\/erwachsenenchor\\\/\"]}]},{\"@type\":\"ImageObject\",\"inLanguage\":\"de\",\"@id\":\"https:\\\/\\\/chorschule-frechen.de\\\/de\\\/erwachsenenchor\\\/#primaryimage\",\"url\":\"https:\\\/\\\/chorschule-frechen.de\\\/wp-content\\\/uploads\\\/2024\\\/12\\\/dorosly-hor1.jpg\",\"contentUrl\":\"https:\\\/\\\/chorschule-frechen.de\\\/wp-content\\\/uploads\\\/2024\\\/12\\\/dorosly-hor1.jpg\",\"width\":1200,\"height\":1200,\"caption\":\"Erwachsenenchor\"},{\"@type\":\"BreadcrumbList\",\"@id\":\"https:\\\/\\\/chorschule-frechen.de\\\/de\\\/erwachsenenchor\\\/#breadcrumb\",\"itemListElement\":[{\"@type\":\"ListItem\",\"position\":1,\"name\":\"\u0413\u043e\u043b\u043e\u0432\u043d\u0430\",\"item\":\"https:\\\/\\\/chorschule-frechen.de\\\/de\\\/hauptseite\\\/\"},{\"@type\":\"ListItem\",\"position\":2,\"name\":\"Erwachsenenchor\"}]},{\"@type\":\"WebSite\",\"@id\":\"https:\\\/\\\/chorschule-frechen.de\\\/de\\\/#website\",\"url\":\"https:\\\/\\\/chorschule-frechen.de\\\/de\\\/\",\"name\":\"\u0412\u043e\u043a\u0430\u043b\u044c\u043d\u043e-\u0445\u043e\u0440\u043e\u0432\u0430 \u0448\u043a\u043e\u043b\u0430 \u041e\u043a\u0441\u0430\u043d\u0438 \u0414\u043e\u043d\u0434\u0438\u043a\",\"description\":\"\u0412\u043e\u043a\u0430\u043b\u044c\u043d\u043e-\u0445\u043e\u0440\u043e\u0432\u0430 \u0448\u043a\u043e\u043b\u0430 \u041e\u043a\u0441\u0430\u043d\u0438 \u0414\u043e\u043d\u0434\u0438\u043a\",\"publisher\":{\"@id\":\"https:\\\/\\\/chorschule-frechen.de\\\/de\\\/#organization\"},\"potentialAction\":[{\"@type\":\"SearchAction\",\"target\":{\"@type\":\"EntryPoint\",\"urlTemplate\":\"https:\\\/\\\/chorschule-frechen.de\\\/de\\\/?s={search_term_string}\"},\"query-input\":{\"@type\":\"PropertyValueSpecification\",\"valueRequired\":true,\"valueName\":\"search_term_string\"}}],\"inLanguage\":\"de\"},{\"@type\":\"Organization\",\"@id\":\"https:\\\/\\\/chorschule-frechen.de\\\/de\\\/#organization\",\"name\":\"\u0412\u043e\u043a\u0430\u043b\u044c\u043d\u043e-\u0445\u043e\u0440\u043e\u0432\u0430 \u0448\u043a\u043e\u043b\u0430 \u041e\u043a\u0441\u0430\u043d\u0438 \u0414\u043e\u043d\u0434\u0438\u043a\",\"url\":\"https:\\\/\\\/chorschule-frechen.de\\\/de\\\/\",\"logo\":{\"@type\":\"ImageObject\",\"inLanguage\":\"de\",\"@id\":\"https:\\\/\\\/chorschule-frechen.de\\\/de\\\/#\\\/schema\\\/logo\\\/image\\\/\",\"url\":\"https:\\\/\\\/chorschule-frechen.de\\\/wp-content\\\/uploads\\\/2024\\\/09\\\/\u041c\u043e\u043d\u0442\u0430\u0436\u043d\u0430\u044f-\u043e\u0431\u043b\u0430\u0441\u0442\u044c-1-e1727349916239.png\",\"contentUrl\":\"https:\\\/\\\/chorschule-frechen.de\\\/wp-content\\\/uploads\\\/2024\\\/09\\\/\u041c\u043e\u043d\u0442\u0430\u0436\u043d\u0430\u044f-\u043e\u0431\u043b\u0430\u0441\u0442\u044c-1-e1727349916239.png\",\"width\":597,\"height\":502,\"caption\":\"\u0412\u043e\u043a\u0430\u043b\u044c\u043d\u043e-\u0445\u043e\u0440\u043e\u0432\u0430 \u0448\u043a\u043e\u043b\u0430 \u041e\u043a\u0441\u0430\u043d\u0438 \u0414\u043e\u043d\u0434\u0438\u043a\"},\"image\":{\"@id\":\"https:\\\/\\\/chorschule-frechen.de\\\/de\\\/#\\\/schema\\\/logo\\\/image\\\/\"}}]}<\/script>\n<!-- \/ Yoast SEO plugin. -->","yoast_head_json":{"title":"Erwachsenenchor - \u0412\u043e\u043a\u0430\u043b\u044c\u043d\u043e-\u0445\u043e\u0440\u043e\u0432\u0430 \u0448\u043a\u043e\u043b\u0430 \u041e\u043a\u0441\u0430\u043d\u0438 \u0414\u043e\u043d\u0434\u0438\u043a","description":"Der Erwachsenenchor der Gesangs- und Chorschule Oksana Dondyk l\u00e4dt Sie jeden Dienstag um 19:30 Uhr in Frechen zur Probe ein.","robots":{"index":"index","follow":"follow","max-snippet":"max-snippet:-1","max-image-preview":"max-image-preview:large","max-video-preview":"max-video-preview:-1"},"canonical":"https:\/\/chorschule-frechen.de\/de\/erwachsenenchor\/","og_locale":"de_DE","og_type":"article","og_title":"Erwachsenenchor - \u0412\u043e\u043a\u0430\u043b\u044c\u043d\u043e-\u0445\u043e\u0440\u043e\u0432\u0430 \u0448\u043a\u043e\u043b\u0430 \u041e\u043a\u0441\u0430\u043d\u0438 \u0414\u043e\u043d\u0434\u0438\u043a","og_description":"Der Erwachsenenchor der Gesangs- und Chorschule Oksana Dondyk l\u00e4dt Sie jeden Dienstag um 19:30 Uhr in Frechen zur Probe ein.","og_url":"https:\/\/chorschule-frechen.de\/de\/erwachsenenchor\/","og_site_name":"\u0412\u043e\u043a\u0430\u043b\u044c\u043d\u043e-\u0445\u043e\u0440\u043e\u0432\u0430 \u0448\u043a\u043e\u043b\u0430 \u041e\u043a\u0441\u0430\u043d\u0438 \u0414\u043e\u043d\u0434\u0438\u043a","article_modified_time":"2025-10-18T15:44:00+00:00","og_image":[{"width":1200,"height":1200,"url":"https:\/\/chorschule-frechen.de\/wp-content\/uploads\/2024\/12\/dorosly-hor1.jpg","type":"image\/jpeg"}],"twitter_card":"summary_large_image","twitter_misc":{"Gesch\u00e4tzte Lesezeit":"2\u00a0Minuten"},"schema":{"@context":"https:\/\/schema.org","@graph":[{"@type":"WebPage","@id":"https:\/\/chorschule-frechen.de\/de\/erwachsenenchor\/","url":"https:\/\/chorschule-frechen.de\/de\/erwachsenenchor\/","name":"Erwachsenenchor - \u0412\u043e\u043a\u0430\u043b\u044c\u043d\u043e-\u0445\u043e\u0440\u043e\u0432\u0430 \u0448\u043a\u043e\u043b\u0430 \u041e\u043a\u0441\u0430\u043d\u0438 \u0414\u043e\u043d\u0434\u0438\u043a","isPartOf":{"@id":"https:\/\/chorschule-frechen.de\/de\/#website"},"primaryImageOfPage":{"@id":"https:\/\/chorschule-frechen.de\/de\/erwachsenenchor\/#primaryimage"},"image":{"@id":"https:\/\/chorschule-frechen.de\/de\/erwachsenenchor\/#primaryimage"},"thumbnailUrl":"https:\/\/chorschule-frechen.de\/wp-content\/uploads\/2024\/12\/dorosly-hor1.jpg","datePublished":"2024-11-13T09:30:06+00:00","dateModified":"2025-10-18T15:44:00+00:00","description":"Der Erwachsenenchor der Gesangs- und Chorschule Oksana Dondyk l\u00e4dt Sie jeden Dienstag um 19:30 Uhr in Frechen zur Probe ein.","breadcrumb":{"@id":"https:\/\/chorschule-frechen.de\/de\/erwachsenenchor\/#breadcrumb"},"inLanguage":"de","potentialAction":[{"@type":"ReadAction","target":["https:\/\/chorschule-frechen.de\/de\/erwachsenenchor\/"]}]},{"@type":"ImageObject","inLanguage":"de","@id":"https:\/\/chorschule-frechen.de\/de\/erwachsenenchor\/#primaryimage","url":"https:\/\/chorschule-frechen.de\/wp-content\/uploads\/2024\/12\/dorosly-hor1.jpg","contentUrl":"https:\/\/chorschule-frechen.de\/wp-content\/uploads\/2024\/12\/dorosly-hor1.jpg","width":1200,"height":1200,"caption":"Erwachsenenchor"},{"@type":"BreadcrumbList","@id":"https:\/\/chorschule-frechen.de\/de\/erwachsenenchor\/#breadcrumb","itemListElement":[{"@type":"ListItem","position":1,"name":"\u0413\u043e\u043b\u043e\u0432\u043d\u0430","item":"https:\/\/chorschule-frechen.de\/de\/hauptseite\/"},{"@type":"ListItem","position":2,"name":"Erwachsenenchor"}]},{"@type":"WebSite","@id":"https:\/\/chorschule-frechen.de\/de\/#website","url":"https:\/\/chorschule-frechen.de\/de\/","name":"\u0412\u043e\u043a\u0430\u043b\u044c\u043d\u043e-\u0445\u043e\u0440\u043e\u0432\u0430 \u0448\u043a\u043e\u043b\u0430 \u041e\u043a\u0441\u0430\u043d\u0438 \u0414\u043e\u043d\u0434\u0438\u043a","description":"\u0412\u043e\u043a\u0430\u043b\u044c\u043d\u043e-\u0445\u043e\u0440\u043e\u0432\u0430 \u0448\u043a\u043e\u043b\u0430 \u041e\u043a\u0441\u0430\u043d\u0438 \u0414\u043e\u043d\u0434\u0438\u043a","publisher":{"@id":"https:\/\/chorschule-frechen.de\/de\/#organization"},"potentialAction":[{"@type":"SearchAction","target":{"@type":"EntryPoint","urlTemplate":"https:\/\/chorschule-frechen.de\/de\/?s={search_term_string}"},"query-input":{"@type":"PropertyValueSpecification","valueRequired":true,"valueName":"search_term_string"}}],"inLanguage":"de"},{"@type":"Organization","@id":"https:\/\/chorschule-frechen.de\/de\/#organization","name":"\u0412\u043e\u043a\u0430\u043b\u044c\u043d\u043e-\u0445\u043e\u0440\u043e\u0432\u0430 \u0448\u043a\u043e\u043b\u0430 \u041e\u043a\u0441\u0430\u043d\u0438 \u0414\u043e\u043d\u0434\u0438\u043a","url":"https:\/\/chorschule-frechen.de\/de\/","logo":{"@type":"ImageObject","inLanguage":"de","@id":"https:\/\/chorschule-frechen.de\/de\/#\/schema\/logo\/image\/","url":"https:\/\/chorschule-frechen.de\/wp-content\/uploads\/2024\/09\/\u041c\u043e\u043d\u0442\u0430\u0436\u043d\u0430\u044f-\u043e\u0431\u043b\u0430\u0441\u0442\u044c-1-e1727349916239.png","contentUrl":"https:\/\/chorschule-frechen.de\/wp-content\/uploads\/2024\/09\/\u041c\u043e\u043d\u0442\u0430\u0436\u043d\u0430\u044f-\u043e\u0431\u043b\u0430\u0441\u0442\u044c-1-e1727349916239.png","width":597,"height":502,"caption":"\u0412\u043e\u043a\u0430\u043b\u044c\u043d\u043e-\u0445\u043e\u0440\u043e\u0432\u0430 \u0448\u043a\u043e\u043b\u0430 \u041e\u043a\u0441\u0430\u043d\u0438 \u0414\u043e\u043d\u0434\u0438\u043a"},"image":{"@id":"https:\/\/chorschule-frechen.de\/de\/#\/schema\/logo\/image\/"}}]}},"_links":{"self":[{"href":"https:\/\/chorschule-frechen.de\/de\/wp-json\/wp\/v2\/pages\/5960","targetHints":{"allow":["GET"]}}],"collection":[{"href":"https:\/\/chorschule-frechen.de\/de\/wp-json\/wp\/v2\/pages"}],"about":[{"href":"https:\/\/chorschule-frechen.de\/de\/wp-json\/wp\/v2\/types\/page"}],"author":[{"embeddable":true,"href":"https:\/\/chorschule-frechen.de\/de\/wp-json\/wp\/v2\/users\/2"}],"replies":[{"embeddable":true,"href":"https:\/\/chorschule-frechen.de\/de\/wp-json\/wp\/v2\/comments?post=5960"}],"version-history":[{"count":11,"href":"https:\/\/chorschule-frechen.de\/de\/wp-json\/wp\/v2\/pages\/5960\/revisions"}],"predecessor-version":[{"id":7057,"href":"https:\/\/chorschule-frechen.de\/de\/wp-json\/wp\/v2\/pages\/5960\/revisions\/7057"}],"wp:featuredmedia":[{"embeddable":true,"href":"https:\/\/chorschule-frechen.de\/de\/wp-json\/wp\/v2\/media\/5726"}],"wp:attachment":[{"href":"https:\/\/chorschule-frechen.de\/de\/wp-json\/wp\/v2\/media?parent=5960"}],"curies":[{"name":"wp","href":"https:\/\/api.w.org\/{rel}","templated":true}]}}